	{"id":695,"date":"2020-12-03T09:39:54","date_gmt":"2020-12-03T08:39:54","guid":{"rendered":"http:\/\/bionok.proyectosrank.com\/?page_id=695"},"modified":"2021-02-19T12:50:16","modified_gmt":"2021-02-19T11:50:16","slug":"alimento-tradicional","status":"publish","type":"page","link":"https:\/\/bionok.com\/es\/alimento-tradicional\/","title":{"rendered":"Alimento tradicional"},"content":{"rendered":"<div class=\"wpb-content-wrapper\"><p>[vc_row css=&#8221;.vc_custom_1606733631624{margin-top: 55px !important;}&#8221;][vc_column][vc_column_text]<\/p>\n<h1 style=\"text-align: center;\">ALIMENTO TRADICIONAL<\/h1>\n<p>[\/vc_column_text][\/vc_column][\/vc_row][vc_row][vc_column][vc_single_image image=&#8221;2505&#8243; img_size=&#8221;full&#8221; alignment=&#8221;center&#8221; el_id=&#8221;imagedesign&#8221;][vc_column_text]Los alimentos tradicionales de terceros pa\u00edses son aquellos que, al igual que un <em>Novel Food<\/em>, no han sido consumidos de manera significativa por humanos en la Uni\u00f3n Europea pero son un alimento com\u00fan en terceros pa\u00edses. Para estos casos, la legislaci\u00f3n ha establecido un procedimiento especial (Reglamento (UE) 2015\/2283) para facilitar la presentaci\u00f3n de la autorizaci\u00f3n. Al igual que ocurre con otros alimentos nuevos, los alimentos tradicionales de terceros pa\u00edses solo pueden comercializarse en la Uni\u00f3n Europea despu\u00e9s de que la Comisi\u00f3n haya procesado una notificaci\u00f3n,\u00a0 autorice la comercializaci\u00f3n del alimento tradicional y haya actualizado la lista de la Uni\u00f3n.<\/p>\n<p>Este proceso generalmente requiere una inversi\u00f3n menor, basada en el historial de uso seguro, pero requiere un conocimiento profundo del perfil de seguridad del producto.<\/p>\n<p>En Bionok tenemos mucha experiencia en el desarrollo de proyectos para llevar alimentos tradicionales de otros pa\u00edses a la Uni\u00f3n Europea. Nuestros asesores t\u00e9cnicos le guiar\u00e1n a lo largo del procedimiento y har\u00e1n un seguimiento de su presentaci\u00f3n con la Autoridad correspondiente.[\/vc_column_text][\/vc_column][\/vc_row][vc_row css=&#8221;.vc_custom_1606726985955{margin-top: 0px !important;margin-bottom: 25px !important;border-top-width: 6px !important;border-top-color: #807002 !important;}&#8221; el_id=&#8221;contactview&#8221;][vc_column width=&#8221;1\/2&#8243; css=&#8221;.vc_custom_1601110535248{border-left-width: 3px !important;border-left-color: #00184e !important;}&#8221;][vc_column_text css=&#8221;.vc_custom_1613066942094{border-left-width: 3px !important;border-left-color: #00184e !important;}&#8221;]<\/p>\n<h4>\u00bfTienes dudas o necesitas asistencia?<\/h4>\n<p><strong>+34911371170<\/strong>[\/vc_column_text][\/vc_column][vc_column width=&#8221;1\/2&#8243;][vc_btn title=&#8221;CONTACTA CON NOSOTROS&#8221; style=&#8221;flat&#8221; shape=&#8221;square&#8221; color=&#8221;sandy-brown&#8221; size=&#8221;lg&#8221; align=&#8221;right&#8221; el_id=&#8221;buttons&#8221;][\/vc_column][\/vc_row][vc_row css=&#8221;.vc_custom_1606729171993{margin-top: 45px !important;margin-bottom: 75px !important;}&#8221;][vc_column]<ul class=\"clients clearfix \"><li style=\"width:16.667%\"><div class=\"client_wrapper\"><div class=\"gs-wrapper\"><img decoding=\"async\" width=\"135\" height=\"75\" src=\"https:\/\/i0.wp.com\/bionok.com\/wp-content\/uploads\/2020\/09\/china-machine-vision-industry-union-vector-logo.png?fit=135%2C75&amp;ssl=1\" class=\"scale-with-grid wp-post-image\" alt=\"\" srcset=\"https:\/\/i0.wp.com\/bionok.com\/wp-content\/uploads\/2020\/09\/china-machine-vision-industry-union-vector-logo.png?w=900&amp;ssl=1 900w, https:\/\/i0.wp.com\/bionok.com\/wp-content\/uploads\/2020\/09\/china-machine-vision-industry-union-vector-logo.png?resize=300%2C167&amp;ssl=1 300w, https:\/\/i0.wp.com\/bionok.com\/wp-content\/uploads\/2020\/09\/china-machine-vision-industry-union-vector-logo.png?resize=768%2C427&amp;ssl=1 768w, https:\/\/i0.wp.com\/bionok.com\/wp-content\/uploads\/2020\/09\/china-machine-vision-industry-union-vector-logo.png?resize=260%2C144&amp;ssl=1 260w, https:\/\/i0.wp.com\/bionok.com\/wp-content\/uploads\/2020\/09\/china-machine-vision-industry-union-vector-logo.png?resize=50%2C28&amp;ssl=1 50w, https:\/\/i0.wp.com\/bionok.com\/wp-content\/uploads\/2020\/09\/china-machine-vision-industry-union-vector-logo.png?resize=135%2C75&amp;ssl=1 135w\" sizes=\"(max-width: 135px) 100vw, 135px\" \/><\/div><\/div><\/li><li style=\"width:16.667%\"><div class=\"client_wrapper\"><div class=\"gs-wrapper\"><img decoding=\"async\" width=\"150\" height=\"58\" src=\"https:\/\/i0.wp.com\/bionok.com\/wp-content\/uploads\/2020\/09\/logo-Industry-USA.png?fit=150%2C58&amp;ssl=1\" class=\"scale-with-grid wp-post-image\" alt=\"\" srcset=\"https:\/\/i0.wp.com\/bionok.com\/wp-content\/uploads\/2020\/09\/logo-Industry-USA.png?w=388&amp;ssl=1 388w, https:\/\/i0.wp.com\/bionok.com\/wp-content\/uploads\/2020\/09\/logo-Industry-USA.png?resize=300%2C116&amp;ssl=1 300w, https:\/\/i0.wp.com\/bionok.com\/wp-content\/uploads\/2020\/09\/logo-Industry-USA.png?resize=260%2C101&amp;ssl=1 260w, https:\/\/i0.wp.com\/bionok.com\/wp-content\/uploads\/2020\/09\/logo-Industry-USA.png?resize=50%2C19&amp;ssl=1 50w, https:\/\/i0.wp.com\/bionok.com\/wp-content\/uploads\/2020\/09\/logo-Industry-USA.png?resize=150%2C58&amp;ssl=1 150w\" sizes=\"(max-width: 150px) 100vw, 150px\" \/><\/div><\/div><\/li><li style=\"width:16.667%\"><div class=\"client_wrapper\"><div class=\"gs-wrapper\"><img decoding=\"async\" width=\"105\" height=\"75\" src=\"https:\/\/i0.wp.com\/bionok.com\/wp-content\/uploads\/2020\/09\/logo.jpg?fit=105%2C75&amp;ssl=1\" class=\"scale-with-grid wp-post-image\" alt=\"\" srcset=\"https:\/\/i0.wp.com\/bionok.com\/wp-content\/uploads\/2020\/09\/logo.jpg?w=172&amp;ssl=1 172w, https:\/\/i0.wp.com\/bionok.com\/wp-content\/uploads\/2020\/09\/logo.jpg?resize=50%2C36&amp;ssl=1 50w, https:\/\/i0.wp.com\/bionok.com\/wp-content\/uploads\/2020\/09\/logo.jpg?resize=105%2C75&amp;ssl=1 105w\" sizes=\"(max-width: 105px) 100vw, 105px\" \/><\/div><\/div><\/li><li style=\"width:16.667%\"><div class=\"client_wrapper\"><div class=\"gs-wrapper\"><img loading=\"lazy\" decoding=\"async\" width=\"142\" height=\"75\" src=\"https:\/\/i0.wp.com\/bionok.com\/wp-content\/uploads\/2020\/09\/descarga.png?fit=142%2C75&amp;ssl=1\" class=\"scale-with-grid wp-post-image\" alt=\"\" srcset=\"https:\/\/i0.wp.com\/bionok.com\/wp-content\/uploads\/2020\/09\/descarga.png?w=309&amp;ssl=1 309w, https:\/\/i0.wp.com\/bionok.com\/wp-content\/uploads\/2020\/09\/descarga.png?resize=300%2C158&amp;ssl=1 300w, https:\/\/i0.wp.com\/bionok.com\/wp-content\/uploads\/2020\/09\/descarga.png?resize=260%2C137&amp;ssl=1 260w, https:\/\/i0.wp.com\/bionok.com\/wp-content\/uploads\/2020\/09\/descarga.png?resize=50%2C26&amp;ssl=1 50w, https:\/\/i0.wp.com\/bionok.com\/wp-content\/uploads\/2020\/09\/descarga.png?resize=142%2C75&amp;ssl=1 142w\" sizes=\"(max-width: 142px) 100vw, 142px\" \/><\/div><\/div><\/li><li style=\"width:16.667%\"><div class=\"client_wrapper\"><div class=\"gs-wrapper\"><img loading=\"lazy\" decoding=\"async\" width=\"75\" height=\"75\" src=\"https:\/\/i0.wp.com\/bionok.com\/wp-content\/uploads\/2020\/09\/0.png?fit=75%2C75&amp;ssl=1\" class=\"scale-with-grid wp-post-image\" alt=\"\" srcset=\"https:\/\/i0.wp.com\/bionok.com\/wp-content\/uploads\/2020\/09\/0.png?w=200&amp;ssl=1 200w, https:\/\/i0.wp.com\/bionok.com\/wp-content\/uploads\/2020\/09\/0.png?resize=150%2C150&amp;ssl=1 150w, https:\/\/i0.wp.com\/bionok.com\/wp-content\/uploads\/2020\/09\/0.png?resize=146%2C146&amp;ssl=1 146w, https:\/\/i0.wp.com\/bionok.com\/wp-content\/uploads\/2020\/09\/0.png?resize=50%2C50&amp;ssl=1 50w, https:\/\/i0.wp.com\/bionok.com\/wp-content\/uploads\/2020\/09\/0.png?resize=75%2C75&amp;ssl=1 75w, https:\/\/i0.wp.com\/bionok.com\/wp-content\/uploads\/2020\/09\/0.png?resize=85%2C85&amp;ssl=1 85w, https:\/\/i0.wp.com\/bionok.com\/wp-content\/uploads\/2020\/09\/0.png?resize=80%2C80&amp;ssl=1 80w\" sizes=\"(max-width: 75px) 100vw, 75px\" \/><\/div><\/div><\/li><li style=\"width:16.667%\"><div class=\"client_wrapper\"><div class=\"gs-wrapper\"><img loading=\"lazy\" decoding=\"async\" width=\"143\" height=\"75\" src=\"https:\/\/i0.wp.com\/bionok.com\/wp-content\/uploads\/2020\/09\/GRS.jpg?fit=143%2C75&amp;ssl=1\" class=\"scale-with-grid wp-post-image\" alt=\"\" srcset=\"https:\/\/i0.wp.com\/bionok.com\/wp-content\/uploads\/2020\/09\/GRS.jpg?w=600&amp;ssl=1 600w, https:\/\/i0.wp.com\/bionok.com\/wp-content\/uploads\/2020\/09\/GRS.jpg?resize=300%2C158&amp;ssl=1 300w, https:\/\/i0.wp.com\/bionok.com\/wp-content\/uploads\/2020\/09\/GRS.jpg?resize=260%2C137&amp;ssl=1 260w, https:\/\/i0.wp.com\/bionok.com\/wp-content\/uploads\/2020\/09\/GRS.jpg?resize=50%2C26&amp;ssl=1 50w, https:\/\/i0.wp.com\/bionok.com\/wp-content\/uploads\/2020\/09\/GRS.jpg?resize=143%2C75&amp;ssl=1 143w\" sizes=\"(max-width: 143px) 100vw, 143px\" \/><\/div><\/div><\/li><\/ul>\n[\/vc_column][\/vc_row]<\/p>\n<\/div>","protected":false},"excerpt":{"rendered":"<p>[vc_row css=&#8221;.vc_custom_1606733631624{margin-top: 55px !important;}&#8221;][vc_column][vc_column_text] ALIMENTO TRADICIONAL [\/vc_column_text][\/vc_column][\/vc_row][vc_row][vc_column][vc_single_image image=&#8221;2505&#8243; img_size=&#8221;full&#8221; alignment=&#8221;center&#8221; el_id=&#8221;imagedesign&#8221;][vc_column_text]Los alimentos tradicionales de terceros pa\u00edses son aquellos que, al igual que un Novel Food, no<span class=\"excerpt-hellip\"> [\u2026]<\/span><\/p>\n","protected":false},"author":2,"featured_media":0,"parent":0,"menu_order":0,"comment_status":"closed","ping_status":"closed","template":"","meta":{"_acf_changed":false,"nf_dc_page":"","footnotes":""},"class_list":["post-695","page","type-page","status-publish","hentry","types-comida-y-bebida"],"acf":[],"yoast_head":"<!-- This site is optimized with the Yoast SEO plugin v27.4 - https:\/\/yoast.com\/product\/yoast-seo-wordpress\/ -->\n<title>Alimento tradicional - Bionok<\/title>\n<meta name=\"robots\" content=\"index, follow, max-snippet:-1, max-image-preview:large, max-video-preview:-1\" \/>\n<link rel=\"canonical\" href=\"https:\/\/bionok.com\/traditional-food\/\" \/>\n<meta property=\"og:locale\" content=\"es_ES\" \/>\n<meta property=\"og:type\" content=\"article\" \/>\n<meta property=\"og:title\" content=\"Alimento tradicional - Bionok\" \/>\n<meta property=\"og:description\" content=\"[vc_row css=&#8221;.vc_custom_1606733631624{margin-top: 55px !important;}&#8221;][vc_column][vc_column_text] ALIMENTO TRADICIONAL [\/vc_column_text][\/vc_column][\/vc_row][vc_row][vc_column][vc_single_image image=&#8221;2505&#8243; img_size=&#8221;full&#8221; alignment=&#8221;center&#8221; el_id=&#8221;imagedesign&#8221;][vc_column_text]Los alimentos tradicionales de terceros pa\u00edses son aquellos que, al igual que un Novel Food, no [\u2026]\" \/>\n<meta property=\"og:url\" content=\"https:\/\/bionok.com\/traditional-food\/\" \/>\n<meta property=\"og:site_name\" content=\"Bionok\" \/>\n<meta property=\"article:modified_time\" content=\"2021-02-19T11:50:16+00:00\" \/>\n<meta name=\"twitter:card\" content=\"summary_large_image\" \/>\n<meta name=\"twitter:label1\" content=\"Tiempo de lectura\" \/>\n\t<meta name=\"twitter:data1\" content=\"2 minutos\" \/>\n<script type=\"application\/ld+json\" class=\"yoast-schema-graph\">{\"@context\":\"https:\\\/\\\/schema.org\",\"@graph\":[{\"@type\":\"WebPage\",\"@id\":\"https:\\\/\\\/bionok.com\\\/traditional-food\\\/\",\"url\":\"https:\\\/\\\/bionok.com\\\/traditional-food\\\/\",\"name\":\"Alimento tradicional - Bionok\",\"isPartOf\":{\"@id\":\"https:\\\/\\\/bionok.com\\\/#website\"},\"datePublished\":\"2020-12-03T08:39:54+00:00\",\"dateModified\":\"2021-02-19T11:50:16+00:00\",\"breadcrumb\":{\"@id\":\"https:\\\/\\\/bionok.com\\\/traditional-food\\\/#breadcrumb\"},\"inLanguage\":\"es\",\"potentialAction\":[{\"@type\":\"ReadAction\",\"target\":[\"https:\\\/\\\/bionok.com\\\/traditional-food\\\/\"]}]},{\"@type\":\"BreadcrumbList\",\"@id\":\"https:\\\/\\\/bionok.com\\\/traditional-food\\\/#breadcrumb\",\"itemListElement\":[{\"@type\":\"ListItem\",\"position\":1,\"name\":\"Portada\",\"item\":\"https:\\\/\\\/bionok.com\\\/es\\\/\"},{\"@type\":\"ListItem\",\"position\":2,\"name\":\"Alimento tradicional\"}]},{\"@type\":\"WebSite\",\"@id\":\"https:\\\/\\\/bionok.com\\\/#website\",\"url\":\"https:\\\/\\\/bionok.com\\\/\",\"name\":\"Bionok\",\"description\":\"\",\"potentialAction\":[{\"@type\":\"SearchAction\",\"target\":{\"@type\":\"EntryPoint\",\"urlTemplate\":\"https:\\\/\\\/bionok.com\\\/?s={search_term_string}\"},\"query-input\":{\"@type\":\"PropertyValueSpecification\",\"valueRequired\":true,\"valueName\":\"search_term_string\"}}],\"inLanguage\":\"es\"}]}<\/script>\n<!-- \/ Yoast SEO plugin. -->","yoast_head_json":{"title":"Alimento tradicional - Bionok","robots":{"index":"index","follow":"follow","max-snippet":"max-snippet:-1","max-image-preview":"max-image-preview:large","max-video-preview":"max-video-preview:-1"},"canonical":"https:\/\/bionok.com\/traditional-food\/","og_locale":"es_ES","og_type":"article","og_title":"Alimento tradicional - Bionok","og_description":"[vc_row css=&#8221;.vc_custom_1606733631624{margin-top: 55px !important;}&#8221;][vc_column][vc_column_text] ALIMENTO TRADICIONAL [\/vc_column_text][\/vc_column][\/vc_row][vc_row][vc_column][vc_single_image image=&#8221;2505&#8243; img_size=&#8221;full&#8221; alignment=&#8221;center&#8221; el_id=&#8221;imagedesign&#8221;][vc_column_text]Los alimentos tradicionales de terceros pa\u00edses son aquellos que, al igual que un Novel Food, no [\u2026]","og_url":"https:\/\/bionok.com\/traditional-food\/","og_site_name":"Bionok","article_modified_time":"2021-02-19T11:50:16+00:00","twitter_card":"summary_large_image","twitter_misc":{"Tiempo de lectura":"2 minutos"},"schema":{"@context":"https:\/\/schema.org","@graph":[{"@type":"WebPage","@id":"https:\/\/bionok.com\/traditional-food\/","url":"https:\/\/bionok.com\/traditional-food\/","name":"Alimento tradicional - Bionok","isPartOf":{"@id":"https:\/\/bionok.com\/#website"},"datePublished":"2020-12-03T08:39:54+00:00","dateModified":"2021-02-19T11:50:16+00:00","breadcrumb":{"@id":"https:\/\/bionok.com\/traditional-food\/#breadcrumb"},"inLanguage":"es","potentialAction":[{"@type":"ReadAction","target":["https:\/\/bionok.com\/traditional-food\/"]}]},{"@type":"BreadcrumbList","@id":"https:\/\/bionok.com\/traditional-food\/#breadcrumb","itemListElement":[{"@type":"ListItem","position":1,"name":"Portada","item":"https:\/\/bionok.com\/es\/"},{"@type":"ListItem","position":2,"name":"Alimento tradicional"}]},{"@type":"WebSite","@id":"https:\/\/bionok.com\/#website","url":"https:\/\/bionok.com\/","name":"Bionok","description":"","potentialAction":[{"@type":"SearchAction","target":{"@type":"EntryPoint","urlTemplate":"https:\/\/bionok.com\/?s={search_term_string}"},"query-input":{"@type":"PropertyValueSpecification","valueRequired":true,"valueName":"search_term_string"}}],"inLanguage":"es"}]}},"jetpack_sharing_enabled":true,"_links":{"self":[{"href":"https:\/\/bionok.com\/es\/wp-json\/wp\/v2\/pages\/695","targetHints":{"allow":["GET"]}}],"collection":[{"href":"https:\/\/bionok.com\/es\/wp-json\/wp\/v2\/pages"}],"about":[{"href":"https:\/\/bionok.com\/es\/wp-json\/wp\/v2\/types\/page"}],"author":[{"embeddable":true,"href":"https:\/\/bionok.com\/es\/wp-json\/wp\/v2\/users\/2"}],"replies":[{"embeddable":true,"href":"https:\/\/bionok.com\/es\/wp-json\/wp\/v2\/comments?post=695"}],"version-history":[{"count":12,"href":"https:\/\/bionok.com\/es\/wp-json\/wp\/v2\/pages\/695\/revisions"}],"predecessor-version":[{"id":2508,"href":"https:\/\/bionok.com\/es\/wp-json\/wp\/v2\/pages\/695\/revisions\/2508"}],"wp:attachment":[{"href":"https:\/\/bionok.com\/es\/wp-json\/wp\/v2\/media?parent=695"}],"curies":[{"name":"wp","href":"https:\/\/api.w.org\/{rel}","templated":true}]}}