	{"id":991,"date":"2020-12-23T13:10:29","date_gmt":"2020-12-23T12:10:29","guid":{"rendered":"http:\/\/bionok.proyectosrank.com\/?page_id=991"},"modified":"2021-02-17T16:46:00","modified_gmt":"2021-02-17T15:46:00","slug":"productos-sanitarios","status":"publish","type":"page","link":"https:\/\/bionok.com\/es\/productos-sanitarios\/","title":{"rendered":"Productos sanitarios"},"content":{"rendered":"<div class=\"wpb-content-wrapper\"><p>[vc_row css=&#8221;.vc_custom_1606733631624{margin-top: 55px !important;}&#8221;][vc_column][vc_column_text]<\/p>\n<h1 style=\"text-align: center;\">PRODUCTOS SANITARIOS<\/h1>\n<p>[\/vc_column_text][\/vc_column][\/vc_row][vc_row][vc_column][vc_single_image image=&#8221;906&#8243; img_size=&#8221;full&#8221; el_id=&#8221;imagedesign&#8221;][vc_column_text]Los Productos Sanitarios est\u00e1n presentes en nuestra vida diaria hoy m\u00e1s que nunca y es por ello que fabricantes y distribuidores buscan dar mayores garant\u00edas de seguridad y calidad en sus productos.<\/p>\n<p>La categor\u00eda de Productos sanitarios es amplia, incluyendo productos muy diversos y cuya clasificaci\u00f3n se rige por el riesgo que entra\u00f1an para las personas que lo utilizan. Los productos deben fabricarse siguiendo un <strong><u>sistema de gesti\u00f3n de calidad<\/u><\/strong> (UNE 13485:2018) y es importante conocer el producto y las normas estandarizadas aplicables al mismo, para poder as\u00ed analizar y garantizar su conformidad. Bionok le ayuda a implementar el <strong>sistema de calidad<\/strong> adecuado para su empresa y gestiona las <strong>licencias previas de fabricaci\u00f3n<\/strong> o <strong>licencias de importaci\u00f3n<\/strong> con el \u00f3rgano responsable.<\/p>\n<p>Para cada producto ser\u00e1 necesario estudiar y analizar los aspectos que determinen su seguridad y eficacia y para ello siempre es recomendable idear una <strong><u>estrategia regulatoria<\/u><\/strong> que haga el proceso lo m\u00e1s eficiente y en el tiempo m\u00e1s corto posible.<\/p>\n<p>Desde Bionok le ofrecemos todos los servicios necesarios para desarrollar sus Productos Sanitarios gui\u00e1ndole a lo largo de todo el proceso:<\/p>\n<p>-dise\u00f1o y desarrollo, para su adaptaci\u00f3n a la normativa.<\/p>\n<p>-Asesor\u00eda y desarrollo de pruebas cl\u00ednicas seguridad y eficacia.<\/p>\n<p>&#8211; Elaboraci\u00f3n de dosieres cient\u00edfico-t\u00e9cnicos requeridos.<\/p>\n<p>&#8211; Sistemas de calidad.<\/p>\n<p>&#8211; Presentaci\u00f3n ante autoridades o centros de evaluaci\u00f3n.<\/p>\n<p>&#8211; Etiquetado<\/p>\n<p>&#8211; Representante o Agente Autorizado.<\/p>\n<p>&#8211; Puesta en el mercado.<\/p>\n<p>Los productos sanitarios deben disponer en su etiquetado de un <strong>Representante o Agente autorizado<\/strong> para poder ser comercializados (Ex.: EU, CHINA, USA). Esta figura debe garantizar la conformidad del producto y es responsable de la puesta en el mercado.<\/p>\n<p>El Identificador unido de producto (UDI) es un c\u00f3digo num\u00e9rico o alfanum\u00e9rico que identifica el producto sanitario de manera inequ\u00edvoca. Este c\u00f3digo consta de 2 partes: <em>device identifier<\/em> (DI) espec\u00edfico para un fabricante y un producto y un identificador de producci\u00f3n (PI) que identifica la unidad de producci\u00f3n del producto. Bionok puede ayudarle a conseguir el c\u00f3digo UDI para su Producto Sanitario.[\/vc_column_text][\/vc_column][\/vc_row][vc_row css=&#8221;.vc_custom_1606726985955{margin-top: 0px !important;margin-bottom: 25px !important;border-top-width: 6px !important;border-top-color: #807002 !important;}&#8221; el_id=&#8221;contactview&#8221;][vc_column width=&#8221;1\/2&#8243; css=&#8221;.vc_custom_1601110535248{border-left-width: 3px !important;border-left-color: #00184e !important;}&#8221;][vc_column_text css=&#8221;.vc_custom_1612867824126{border-left-width: 3px !important;border-left-color: #00184e !important;}&#8221;]<\/p>\n<h4>\u00bfTienes dudas o necesitas asistencia?<\/h4>\n<p><strong>+34911371170<\/strong>[\/vc_column_text][\/vc_column][vc_column width=&#8221;1\/2&#8243;][vc_btn title=&#8221;CONTACTA CON NOSOTROS&#8221; style=&#8221;flat&#8221; shape=&#8221;square&#8221; color=&#8221;sandy-brown&#8221; size=&#8221;lg&#8221; align=&#8221;right&#8221; el_id=&#8221;buttons&#8221;][\/vc_column][\/vc_row][vc_row css=&#8221;.vc_custom_1606729171993{margin-top: 45px !important;margin-bottom: 75px !important;}&#8221;][vc_column]<ul class=\"clients clearfix \"><li style=\"width:16.667%\"><div class=\"client_wrapper\"><div class=\"gs-wrapper\"><img decoding=\"async\" width=\"135\" height=\"75\" src=\"https:\/\/i0.wp.com\/bionok.com\/wp-content\/uploads\/2020\/09\/china-machine-vision-industry-union-vector-logo.png?fit=135%2C75&amp;ssl=1\" class=\"scale-with-grid wp-post-image\" alt=\"\" srcset=\"https:\/\/i0.wp.com\/bionok.com\/wp-content\/uploads\/2020\/09\/china-machine-vision-industry-union-vector-logo.png?w=900&amp;ssl=1 900w, https:\/\/i0.wp.com\/bionok.com\/wp-content\/uploads\/2020\/09\/china-machine-vision-industry-union-vector-logo.png?resize=300%2C167&amp;ssl=1 300w, https:\/\/i0.wp.com\/bionok.com\/wp-content\/uploads\/2020\/09\/china-machine-vision-industry-union-vector-logo.png?resize=768%2C427&amp;ssl=1 768w, https:\/\/i0.wp.com\/bionok.com\/wp-content\/uploads\/2020\/09\/china-machine-vision-industry-union-vector-logo.png?resize=260%2C144&amp;ssl=1 260w, https:\/\/i0.wp.com\/bionok.com\/wp-content\/uploads\/2020\/09\/china-machine-vision-industry-union-vector-logo.png?resize=50%2C28&amp;ssl=1 50w, https:\/\/i0.wp.com\/bionok.com\/wp-content\/uploads\/2020\/09\/china-machine-vision-industry-union-vector-logo.png?resize=135%2C75&amp;ssl=1 135w\" sizes=\"(max-width: 135px) 100vw, 135px\" \/><\/div><\/div><\/li><li style=\"width:16.667%\"><div class=\"client_wrapper\"><div class=\"gs-wrapper\"><img decoding=\"async\" width=\"150\" height=\"58\" src=\"https:\/\/i0.wp.com\/bionok.com\/wp-content\/uploads\/2020\/09\/logo-Industry-USA.png?fit=150%2C58&amp;ssl=1\" class=\"scale-with-grid wp-post-image\" alt=\"\" srcset=\"https:\/\/i0.wp.com\/bionok.com\/wp-content\/uploads\/2020\/09\/logo-Industry-USA.png?w=388&amp;ssl=1 388w, https:\/\/i0.wp.com\/bionok.com\/wp-content\/uploads\/2020\/09\/logo-Industry-USA.png?resize=300%2C116&amp;ssl=1 300w, https:\/\/i0.wp.com\/bionok.com\/wp-content\/uploads\/2020\/09\/logo-Industry-USA.png?resize=260%2C101&amp;ssl=1 260w, https:\/\/i0.wp.com\/bionok.com\/wp-content\/uploads\/2020\/09\/logo-Industry-USA.png?resize=50%2C19&amp;ssl=1 50w, https:\/\/i0.wp.com\/bionok.com\/wp-content\/uploads\/2020\/09\/logo-Industry-USA.png?resize=150%2C58&amp;ssl=1 150w\" sizes=\"(max-width: 150px) 100vw, 150px\" \/><\/div><\/div><\/li><li style=\"width:16.667%\"><div class=\"client_wrapper\"><div class=\"gs-wrapper\"><img decoding=\"async\" width=\"105\" height=\"75\" src=\"https:\/\/i0.wp.com\/bionok.com\/wp-content\/uploads\/2020\/09\/logo.jpg?fit=105%2C75&amp;ssl=1\" class=\"scale-with-grid wp-post-image\" alt=\"\" srcset=\"https:\/\/i0.wp.com\/bionok.com\/wp-content\/uploads\/2020\/09\/logo.jpg?w=172&amp;ssl=1 172w, https:\/\/i0.wp.com\/bionok.com\/wp-content\/uploads\/2020\/09\/logo.jpg?resize=50%2C36&amp;ssl=1 50w, https:\/\/i0.wp.com\/bionok.com\/wp-content\/uploads\/2020\/09\/logo.jpg?resize=105%2C75&amp;ssl=1 105w\" sizes=\"(max-width: 105px) 100vw, 105px\" \/><\/div><\/div><\/li><li style=\"width:16.667%\"><div class=\"client_wrapper\"><div class=\"gs-wrapper\"><img loading=\"lazy\" decoding=\"async\" width=\"142\" height=\"75\" src=\"https:\/\/i0.wp.com\/bionok.com\/wp-content\/uploads\/2020\/09\/descarga.png?fit=142%2C75&amp;ssl=1\" class=\"scale-with-grid wp-post-image\" alt=\"\" srcset=\"https:\/\/i0.wp.com\/bionok.com\/wp-content\/uploads\/2020\/09\/descarga.png?w=309&amp;ssl=1 309w, https:\/\/i0.wp.com\/bionok.com\/wp-content\/uploads\/2020\/09\/descarga.png?resize=300%2C158&amp;ssl=1 300w, https:\/\/i0.wp.com\/bionok.com\/wp-content\/uploads\/2020\/09\/descarga.png?resize=260%2C137&amp;ssl=1 260w, https:\/\/i0.wp.com\/bionok.com\/wp-content\/uploads\/2020\/09\/descarga.png?resize=50%2C26&amp;ssl=1 50w, https:\/\/i0.wp.com\/bionok.com\/wp-content\/uploads\/2020\/09\/descarga.png?resize=142%2C75&amp;ssl=1 142w\" sizes=\"(max-width: 142px) 100vw, 142px\" \/><\/div><\/div><\/li><li style=\"width:16.667%\"><div class=\"client_wrapper\"><div class=\"gs-wrapper\"><img loading=\"lazy\" decoding=\"async\" width=\"75\" height=\"75\" src=\"https:\/\/i0.wp.com\/bionok.com\/wp-content\/uploads\/2020\/09\/0.png?fit=75%2C75&amp;ssl=1\" class=\"scale-with-grid wp-post-image\" alt=\"\" srcset=\"https:\/\/i0.wp.com\/bionok.com\/wp-content\/uploads\/2020\/09\/0.png?w=200&amp;ssl=1 200w, https:\/\/i0.wp.com\/bionok.com\/wp-content\/uploads\/2020\/09\/0.png?resize=150%2C150&amp;ssl=1 150w, https:\/\/i0.wp.com\/bionok.com\/wp-content\/uploads\/2020\/09\/0.png?resize=146%2C146&amp;ssl=1 146w, https:\/\/i0.wp.com\/bionok.com\/wp-content\/uploads\/2020\/09\/0.png?resize=50%2C50&amp;ssl=1 50w, https:\/\/i0.wp.com\/bionok.com\/wp-content\/uploads\/2020\/09\/0.png?resize=75%2C75&amp;ssl=1 75w, https:\/\/i0.wp.com\/bionok.com\/wp-content\/uploads\/2020\/09\/0.png?resize=85%2C85&amp;ssl=1 85w, https:\/\/i0.wp.com\/bionok.com\/wp-content\/uploads\/2020\/09\/0.png?resize=80%2C80&amp;ssl=1 80w\" sizes=\"(max-width: 75px) 100vw, 75px\" \/><\/div><\/div><\/li><li style=\"width:16.667%\"><div class=\"client_wrapper\"><div class=\"gs-wrapper\"><img loading=\"lazy\" decoding=\"async\" width=\"143\" height=\"75\" src=\"https:\/\/i0.wp.com\/bionok.com\/wp-content\/uploads\/2020\/09\/GRS.jpg?fit=143%2C75&amp;ssl=1\" class=\"scale-with-grid wp-post-image\" alt=\"\" srcset=\"https:\/\/i0.wp.com\/bionok.com\/wp-content\/uploads\/2020\/09\/GRS.jpg?w=600&amp;ssl=1 600w, https:\/\/i0.wp.com\/bionok.com\/wp-content\/uploads\/2020\/09\/GRS.jpg?resize=300%2C158&amp;ssl=1 300w, https:\/\/i0.wp.com\/bionok.com\/wp-content\/uploads\/2020\/09\/GRS.jpg?resize=260%2C137&amp;ssl=1 260w, https:\/\/i0.wp.com\/bionok.com\/wp-content\/uploads\/2020\/09\/GRS.jpg?resize=50%2C26&amp;ssl=1 50w, https:\/\/i0.wp.com\/bionok.com\/wp-content\/uploads\/2020\/09\/GRS.jpg?resize=143%2C75&amp;ssl=1 143w\" sizes=\"(max-width: 143px) 100vw, 143px\" \/><\/div><\/div><\/li><\/ul>\n[\/vc_column][\/vc_row]<\/p>\n<\/div>","protected":false},"excerpt":{"rendered":"<p>[vc_row css=&#8221;.vc_custom_1606733631624{margin-top: 55px !important;}&#8221;][vc_column][vc_column_text] PRODUCTOS SANITARIOS [\/vc_column_text][\/vc_column][\/vc_row][vc_row][vc_column][vc_single_image image=&#8221;906&#8243; img_size=&#8221;full&#8221; el_id=&#8221;imagedesign&#8221;][vc_column_text]Los Productos Sanitarios est\u00e1n presentes en nuestra vida diaria hoy m\u00e1s que nunca y es por ello<span class=\"excerpt-hellip\"> [\u2026]<\/span><\/p>\n","protected":false},"author":2,"featured_media":0,"parent":0,"menu_order":0,"comment_status":"closed","ping_status":"closed","template":"","meta":{"_acf_changed":false,"nf_dc_page":"","footnotes":""},"class_list":["post-991","page","type-page","status-publish","hentry","types-medical-device-es"],"acf":[],"yoast_head":"<!-- This site is optimized with the Yoast SEO plugin v27.4 - https:\/\/yoast.com\/product\/yoast-seo-wordpress\/ -->\n<title>Productos sanitarios - Bionok<\/title>\n<meta name=\"robots\" content=\"index, follow, max-snippet:-1, max-image-preview:large, max-video-preview:-1\" \/>\n<link rel=\"canonical\" href=\"https:\/\/bionok.com\/general-medical-devices\/\" \/>\n<meta property=\"og:locale\" content=\"es_ES\" \/>\n<meta property=\"og:type\" content=\"article\" \/>\n<meta property=\"og:title\" content=\"Productos sanitarios - Bionok\" \/>\n<meta property=\"og:description\" content=\"[vc_row css=&#8221;.vc_custom_1606733631624{margin-top: 55px !important;}&#8221;][vc_column][vc_column_text] PRODUCTOS SANITARIOS [\/vc_column_text][\/vc_column][\/vc_row][vc_row][vc_column][vc_single_image image=&#8221;906&#8243; img_size=&#8221;full&#8221; el_id=&#8221;imagedesign&#8221;][vc_column_text]Los Productos Sanitarios est\u00e1n presentes en nuestra vida diaria hoy m\u00e1s que nunca y es por ello [\u2026]\" \/>\n<meta property=\"og:url\" content=\"https:\/\/bionok.com\/general-medical-devices\/\" \/>\n<meta property=\"og:site_name\" content=\"Bionok\" \/>\n<meta property=\"article:modified_time\" content=\"2021-02-17T15:46:00+00:00\" \/>\n<meta name=\"twitter:card\" content=\"summary_large_image\" \/>\n<meta name=\"twitter:label1\" content=\"Tiempo de lectura\" \/>\n\t<meta name=\"twitter:data1\" content=\"3 minutos\" \/>\n<script type=\"application\/ld+json\" class=\"yoast-schema-graph\">{\"@context\":\"https:\\\/\\\/schema.org\",\"@graph\":[{\"@type\":\"WebPage\",\"@id\":\"https:\\\/\\\/bionok.com\\\/general-medical-devices\\\/\",\"url\":\"https:\\\/\\\/bionok.com\\\/general-medical-devices\\\/\",\"name\":\"Productos sanitarios - Bionok\",\"isPartOf\":{\"@id\":\"https:\\\/\\\/bionok.com\\\/#website\"},\"datePublished\":\"2020-12-23T12:10:29+00:00\",\"dateModified\":\"2021-02-17T15:46:00+00:00\",\"breadcrumb\":{\"@id\":\"https:\\\/\\\/bionok.com\\\/general-medical-devices\\\/#breadcrumb\"},\"inLanguage\":\"es\",\"potentialAction\":[{\"@type\":\"ReadAction\",\"target\":[\"https:\\\/\\\/bionok.com\\\/general-medical-devices\\\/\"]}]},{\"@type\":\"BreadcrumbList\",\"@id\":\"https:\\\/\\\/bionok.com\\\/general-medical-devices\\\/#breadcrumb\",\"itemListElement\":[{\"@type\":\"ListItem\",\"position\":1,\"name\":\"Portada\",\"item\":\"https:\\\/\\\/bionok.com\\\/es\\\/\"},{\"@type\":\"ListItem\",\"position\":2,\"name\":\"Productos sanitarios\"}]},{\"@type\":\"WebSite\",\"@id\":\"https:\\\/\\\/bionok.com\\\/#website\",\"url\":\"https:\\\/\\\/bionok.com\\\/\",\"name\":\"Bionok\",\"description\":\"\",\"potentialAction\":[{\"@type\":\"SearchAction\",\"target\":{\"@type\":\"EntryPoint\",\"urlTemplate\":\"https:\\\/\\\/bionok.com\\\/?s={search_term_string}\"},\"query-input\":{\"@type\":\"PropertyValueSpecification\",\"valueRequired\":true,\"valueName\":\"search_term_string\"}}],\"inLanguage\":\"es\"}]}<\/script>\n<!-- \/ Yoast SEO plugin. -->","yoast_head_json":{"title":"Productos sanitarios - Bionok","robots":{"index":"index","follow":"follow","max-snippet":"max-snippet:-1","max-image-preview":"max-image-preview:large","max-video-preview":"max-video-preview:-1"},"canonical":"https:\/\/bionok.com\/general-medical-devices\/","og_locale":"es_ES","og_type":"article","og_title":"Productos sanitarios - Bionok","og_description":"[vc_row css=&#8221;.vc_custom_1606733631624{margin-top: 55px !important;}&#8221;][vc_column][vc_column_text] PRODUCTOS SANITARIOS [\/vc_column_text][\/vc_column][\/vc_row][vc_row][vc_column][vc_single_image image=&#8221;906&#8243; img_size=&#8221;full&#8221; el_id=&#8221;imagedesign&#8221;][vc_column_text]Los Productos Sanitarios est\u00e1n presentes en nuestra vida diaria hoy m\u00e1s que nunca y es por ello [\u2026]","og_url":"https:\/\/bionok.com\/general-medical-devices\/","og_site_name":"Bionok","article_modified_time":"2021-02-17T15:46:00+00:00","twitter_card":"summary_large_image","twitter_misc":{"Tiempo de lectura":"3 minutos"},"schema":{"@context":"https:\/\/schema.org","@graph":[{"@type":"WebPage","@id":"https:\/\/bionok.com\/general-medical-devices\/","url":"https:\/\/bionok.com\/general-medical-devices\/","name":"Productos sanitarios - Bionok","isPartOf":{"@id":"https:\/\/bionok.com\/#website"},"datePublished":"2020-12-23T12:10:29+00:00","dateModified":"2021-02-17T15:46:00+00:00","breadcrumb":{"@id":"https:\/\/bionok.com\/general-medical-devices\/#breadcrumb"},"inLanguage":"es","potentialAction":[{"@type":"ReadAction","target":["https:\/\/bionok.com\/general-medical-devices\/"]}]},{"@type":"BreadcrumbList","@id":"https:\/\/bionok.com\/general-medical-devices\/#breadcrumb","itemListElement":[{"@type":"ListItem","position":1,"name":"Portada","item":"https:\/\/bionok.com\/es\/"},{"@type":"ListItem","position":2,"name":"Productos sanitarios"}]},{"@type":"WebSite","@id":"https:\/\/bionok.com\/#website","url":"https:\/\/bionok.com\/","name":"Bionok","description":"","potentialAction":[{"@type":"SearchAction","target":{"@type":"EntryPoint","urlTemplate":"https:\/\/bionok.com\/?s={search_term_string}"},"query-input":{"@type":"PropertyValueSpecification","valueRequired":true,"valueName":"search_term_string"}}],"inLanguage":"es"}]}},"jetpack_sharing_enabled":true,"_links":{"self":[{"href":"https:\/\/bionok.com\/es\/wp-json\/wp\/v2\/pages\/991","targetHints":{"allow":["GET"]}}],"collection":[{"href":"https:\/\/bionok.com\/es\/wp-json\/wp\/v2\/pages"}],"about":[{"href":"https:\/\/bionok.com\/es\/wp-json\/wp\/v2\/types\/page"}],"author":[{"embeddable":true,"href":"https:\/\/bionok.com\/es\/wp-json\/wp\/v2\/users\/2"}],"replies":[{"embeddable":true,"href":"https:\/\/bionok.com\/es\/wp-json\/wp\/v2\/comments?post=991"}],"version-history":[{"count":6,"href":"https:\/\/bionok.com\/es\/wp-json\/wp\/v2\/pages\/991\/revisions"}],"predecessor-version":[{"id":2234,"href":"https:\/\/bionok.com\/es\/wp-json\/wp\/v2\/pages\/991\/revisions\/2234"}],"wp:attachment":[{"href":"https:\/\/bionok.com\/es\/wp-json\/wp\/v2\/media?parent=991"}],"curies":[{"name":"wp","href":"https:\/\/api.w.org\/{rel}","templated":true}]}}