	{"id":1099,"date":"2021-01-29T15:52:48","date_gmt":"2021-01-29T14:52:48","guid":{"rendered":"http:\/\/bionok.proyectosrank.com\/?page_id=1099"},"modified":"2021-02-19T12:59:52","modified_gmt":"2021-02-19T11:59:52","slug":"food-fresh","status":"publish","type":"page","link":"https:\/\/bionok.com\/fr\/food-fresh\/","title":{"rendered":"Denr\u00e9es P\u00e9rissables"},"content":{"rendered":"<div class=\"wpb-content-wrapper\"><p>[vc_row css=&#8221;.vc_custom_1606733631624{margin-top: 55px !important;}&#8221;][vc_column][vc_column_text]<\/p>\n<h1 style=\"text-align: center;\">DENR\u00c9ES P\u00c9RISSABLES<\/h1>\n<p>[\/vc_column_text][\/vc_column][\/vc_row][vc_row][vc_column][vc_single_image image=&#8221;2528&#8243; img_size=&#8221;full&#8221; alignment=&#8221;center&#8221; el_id=&#8221;imagedesign&#8221;][vc_column_text]Les denr\u00e9es p\u00e9rissables sont celles qui, en raison de leurs caract\u00e9ristiques naturelles, peuvent \u00eatre consomm\u00e9es pendant moins de 30 jours ou qui n\u00e9cessitent des conditions de temp\u00e9rature contr\u00f4l\u00e9es. Ces produits sont des aliments d&#8217;origine animale (viande, poisson, \u0153ufs, lait et d\u00e9riv\u00e9s) et v\u00e9g\u00e9tale.<\/p>\n<p>L&#8217;importation ou l&#8217;exportation de ce type de denr\u00e9es alimentaires vers ou depuis des pays tiers hors de l&#8217;Union europ\u00e9enne n\u00e9cessite le respect d&#8217;une s\u00e9rie d&#8217;exigences en mati\u00e8re de s\u00e9curit\u00e9 alimentaire. Selon le type d&#8217;aliment, la l\u00e9gislation applicable \u00e0 ce produit doit \u00eatre respect\u00e9e. En g\u00e9n\u00e9ral, nous pouvons dire que les exigences sont les suivantes:<\/p>\n<ul>\n<li>L&#8217;importateur doit \u00eatre enregistr\u00e9 dans le Reg. Gral. Sanitario de Empresas Alimentaria y Alimentos<\/li>\n<li>L&#8217;\u00e9tablissement d&#8217;origine de l&#8217;aliment doit avoir \u00e9t\u00e9 agr\u00e9\u00e9 par l&#8217;UE et doit figurer sur la liste des \u00e9tablissements autoris\u00e9s.<\/li>\n<li>Ils doivent d\u00e9montrer qu&#8217;ils sont conformes aux r\u00e8glements 853\/2004 et 852\/2004<\/li>\n<li>Etiquetage et emballage selon la r\u00e9glementation<\/li>\n<\/ul>\n<p>Si l&#8217;on consid\u00e8re \u00e9galement qu&#8217;il s&#8217;agit d&#8217;aliments d&#8217;origine animale, en particulier:<\/p>\n<ul>\n<li>Pays tiers autoris\u00e9<\/li>\n<li>Plan de d\u00e9chets approuv\u00e9 pour le produit en question dans le pays d&#8217;origine<\/li>\n<li>Abattoirs, salles de d\u00e9coupe, fermes autoris\u00e9es ou zones de production agr\u00e9\u00e9es (mollusques, \u00e9chinodermes, etc.)<\/li>\n<\/ul>\n<p>Pour les aliments d&#8217;origine v\u00e9g\u00e9tale :<\/p>\n<ul>\n<li>Certificat phytosanitaire d\u00e9livr\u00e9 par l&#8217;autorit\u00e9 nationale comp\u00e9tente.<\/li>\n<\/ul>\n<p>Bionok propose une gestion compl\u00e8te et du conseil aux entreprises du secteur alimentaire.<\/p>\n<p>Pour les importateurs de produits frais et pour toutes les entreprises de la cha\u00eene alimentaire (\u00e0 l&#8217;exception de celles du secteur primaire), Bionok peut impl\u00e9menter le syst\u00e8me HACCP dans votre entreprise. Nous aidons \u00e9galement les importateurs \u00e0 s&#8217;inscrire dans le Registre sanitaire g\u00e9n\u00e9ral d\u2019entreprises alimentaires.<\/p>\n<p>Nous vous aiderons d\u00e8s le d\u00e9but afin que vous puissiez importer votre produit frais sans inconv\u00e9nient et en \u00e9vitant les impr\u00e9vus. En fonction du produit en question, nous nous assurerons qu&#8217;il est conforme \u00e0 la r\u00e9glementation en vigueur dans le pays de destination et que toute la documentation n\u00e9cessaire est en ordre.[\/vc_column_text][\/vc_column][\/vc_row][vc_row css=&#8221;.vc_custom_1606726985955{margin-top: 0px !important;margin-bottom: 25px !important;border-top-width: 6px !important;border-top-color: #807002 !important;}&#8221; el_id=&#8221;contactview&#8221;][vc_column width=&#8221;1\/2&#8243; css=&#8221;.vc_custom_1601110535248{border-left-width: 3px !important;border-left-color: #00184e !important;}&#8221;][vc_column_text css=&#8221;.vc_custom_1613723106734{border-left-width: 3px !important;border-left-color: #00184e !important;}&#8221;]<\/p>\n<h4>Avez-vous des questions?<\/h4>\n<p><strong>+34911371170<\/strong>[\/vc_column_text][\/vc_column][vc_column width=&#8221;1\/2&#8243;][vc_btn title=&#8221;N&#8217;H\u00c9SITEZ PAS \u00c0 NOUS CONTACTER&#8221; style=&#8221;flat&#8221; shape=&#8221;square&#8221; color=&#8221;sandy-brown&#8221; size=&#8221;lg&#8221; align=&#8221;right&#8221; el_id=&#8221;buttons&#8221;][\/vc_column][\/vc_row][vc_row css=&#8221;.vc_custom_1606729171993{margin-top: 45px !important;margin-bottom: 75px !important;}&#8221;][vc_column]<ul class=\"clients clearfix \"><li style=\"width:16.667%\"><div class=\"client_wrapper\"><div class=\"gs-wrapper\"><img decoding=\"async\" width=\"135\" height=\"75\" src=\"https:\/\/i0.wp.com\/bionok.com\/wp-content\/uploads\/2020\/09\/china-machine-vision-industry-union-vector-logo.png?fit=135%2C75&amp;ssl=1\" class=\"scale-with-grid wp-post-image\" alt=\"\" srcset=\"https:\/\/i0.wp.com\/bionok.com\/wp-content\/uploads\/2020\/09\/china-machine-vision-industry-union-vector-logo.png?w=900&amp;ssl=1 900w, https:\/\/i0.wp.com\/bionok.com\/wp-content\/uploads\/2020\/09\/china-machine-vision-industry-union-vector-logo.png?resize=300%2C167&amp;ssl=1 300w, https:\/\/i0.wp.com\/bionok.com\/wp-content\/uploads\/2020\/09\/china-machine-vision-industry-union-vector-logo.png?resize=768%2C427&amp;ssl=1 768w, https:\/\/i0.wp.com\/bionok.com\/wp-content\/uploads\/2020\/09\/china-machine-vision-industry-union-vector-logo.png?resize=260%2C144&amp;ssl=1 260w, https:\/\/i0.wp.com\/bionok.com\/wp-content\/uploads\/2020\/09\/china-machine-vision-industry-union-vector-logo.png?resize=50%2C28&amp;ssl=1 50w, https:\/\/i0.wp.com\/bionok.com\/wp-content\/uploads\/2020\/09\/china-machine-vision-industry-union-vector-logo.png?resize=135%2C75&amp;ssl=1 135w\" sizes=\"(max-width: 135px) 100vw, 135px\" \/><\/div><\/div><\/li><li style=\"width:16.667%\"><div class=\"client_wrapper\"><div class=\"gs-wrapper\"><img decoding=\"async\" width=\"150\" height=\"58\" src=\"https:\/\/i0.wp.com\/bionok.com\/wp-content\/uploads\/2020\/09\/logo-Industry-USA.png?fit=150%2C58&amp;ssl=1\" class=\"scale-with-grid wp-post-image\" alt=\"\" srcset=\"https:\/\/i0.wp.com\/bionok.com\/wp-content\/uploads\/2020\/09\/logo-Industry-USA.png?w=388&amp;ssl=1 388w, https:\/\/i0.wp.com\/bionok.com\/wp-content\/uploads\/2020\/09\/logo-Industry-USA.png?resize=300%2C116&amp;ssl=1 300w, https:\/\/i0.wp.com\/bionok.com\/wp-content\/uploads\/2020\/09\/logo-Industry-USA.png?resize=260%2C101&amp;ssl=1 260w, https:\/\/i0.wp.com\/bionok.com\/wp-content\/uploads\/2020\/09\/logo-Industry-USA.png?resize=50%2C19&amp;ssl=1 50w, https:\/\/i0.wp.com\/bionok.com\/wp-content\/uploads\/2020\/09\/logo-Industry-USA.png?resize=150%2C58&amp;ssl=1 150w\" sizes=\"(max-width: 150px) 100vw, 150px\" \/><\/div><\/div><\/li><li style=\"width:16.667%\"><div class=\"client_wrapper\"><div class=\"gs-wrapper\"><img decoding=\"async\" width=\"105\" height=\"75\" src=\"https:\/\/i0.wp.com\/bionok.com\/wp-content\/uploads\/2020\/09\/logo.jpg?fit=105%2C75&amp;ssl=1\" class=\"scale-with-grid wp-post-image\" alt=\"\" srcset=\"https:\/\/i0.wp.com\/bionok.com\/wp-content\/uploads\/2020\/09\/logo.jpg?w=172&amp;ssl=1 172w, https:\/\/i0.wp.com\/bionok.com\/wp-content\/uploads\/2020\/09\/logo.jpg?resize=50%2C36&amp;ssl=1 50w, https:\/\/i0.wp.com\/bionok.com\/wp-content\/uploads\/2020\/09\/logo.jpg?resize=105%2C75&amp;ssl=1 105w\" sizes=\"(max-width: 105px) 100vw, 105px\" \/><\/div><\/div><\/li><li style=\"width:16.667%\"><div class=\"client_wrapper\"><div class=\"gs-wrapper\"><img loading=\"lazy\" decoding=\"async\" width=\"142\" height=\"75\" src=\"https:\/\/i0.wp.com\/bionok.com\/wp-content\/uploads\/2020\/09\/descarga.png?fit=142%2C75&amp;ssl=1\" class=\"scale-with-grid wp-post-image\" alt=\"\" srcset=\"https:\/\/i0.wp.com\/bionok.com\/wp-content\/uploads\/2020\/09\/descarga.png?w=309&amp;ssl=1 309w, https:\/\/i0.wp.com\/bionok.com\/wp-content\/uploads\/2020\/09\/descarga.png?resize=300%2C158&amp;ssl=1 300w, https:\/\/i0.wp.com\/bionok.com\/wp-content\/uploads\/2020\/09\/descarga.png?resize=260%2C137&amp;ssl=1 260w, https:\/\/i0.wp.com\/bionok.com\/wp-content\/uploads\/2020\/09\/descarga.png?resize=50%2C26&amp;ssl=1 50w, https:\/\/i0.wp.com\/bionok.com\/wp-content\/uploads\/2020\/09\/descarga.png?resize=142%2C75&amp;ssl=1 142w\" sizes=\"(max-width: 142px) 100vw, 142px\" \/><\/div><\/div><\/li><li style=\"width:16.667%\"><div class=\"client_wrapper\"><div class=\"gs-wrapper\"><img loading=\"lazy\" decoding=\"async\" width=\"75\" height=\"75\" src=\"https:\/\/i0.wp.com\/bionok.com\/wp-content\/uploads\/2020\/09\/0.png?fit=75%2C75&amp;ssl=1\" class=\"scale-with-grid wp-post-image\" alt=\"\" srcset=\"https:\/\/i0.wp.com\/bionok.com\/wp-content\/uploads\/2020\/09\/0.png?w=200&amp;ssl=1 200w, https:\/\/i0.wp.com\/bionok.com\/wp-content\/uploads\/2020\/09\/0.png?resize=150%2C150&amp;ssl=1 150w, https:\/\/i0.wp.com\/bionok.com\/wp-content\/uploads\/2020\/09\/0.png?resize=146%2C146&amp;ssl=1 146w, https:\/\/i0.wp.com\/bionok.com\/wp-content\/uploads\/2020\/09\/0.png?resize=50%2C50&amp;ssl=1 50w, https:\/\/i0.wp.com\/bionok.com\/wp-content\/uploads\/2020\/09\/0.png?resize=75%2C75&amp;ssl=1 75w, https:\/\/i0.wp.com\/bionok.com\/wp-content\/uploads\/2020\/09\/0.png?resize=85%2C85&amp;ssl=1 85w, https:\/\/i0.wp.com\/bionok.com\/wp-content\/uploads\/2020\/09\/0.png?resize=80%2C80&amp;ssl=1 80w\" sizes=\"(max-width: 75px) 100vw, 75px\" \/><\/div><\/div><\/li><li style=\"width:16.667%\"><div class=\"client_wrapper\"><div class=\"gs-wrapper\"><img loading=\"lazy\" decoding=\"async\" width=\"143\" height=\"75\" src=\"https:\/\/i0.wp.com\/bionok.com\/wp-content\/uploads\/2020\/09\/GRS.jpg?fit=143%2C75&amp;ssl=1\" class=\"scale-with-grid wp-post-image\" alt=\"\" srcset=\"https:\/\/i0.wp.com\/bionok.com\/wp-content\/uploads\/2020\/09\/GRS.jpg?w=600&amp;ssl=1 600w, https:\/\/i0.wp.com\/bionok.com\/wp-content\/uploads\/2020\/09\/GRS.jpg?resize=300%2C158&amp;ssl=1 300w, https:\/\/i0.wp.com\/bionok.com\/wp-content\/uploads\/2020\/09\/GRS.jpg?resize=260%2C137&amp;ssl=1 260w, https:\/\/i0.wp.com\/bionok.com\/wp-content\/uploads\/2020\/09\/GRS.jpg?resize=50%2C26&amp;ssl=1 50w, https:\/\/i0.wp.com\/bionok.com\/wp-content\/uploads\/2020\/09\/GRS.jpg?resize=143%2C75&amp;ssl=1 143w\" sizes=\"(max-width: 143px) 100vw, 143px\" \/><\/div><\/div><\/li><\/ul>\n[\/vc_column][\/vc_row]<\/p>\n<\/div>","protected":false},"excerpt":{"rendered":"<p>[vc_row css=&#8221;.vc_custom_1606733631624{margin-top: 55px !important;}&#8221;][vc_column][vc_column_text] DENR\u00c9ES P\u00c9RISSABLES [\/vc_column_text][\/vc_column][\/vc_row][vc_row][vc_column][vc_single_image image=&#8221;2528&#8243; img_size=&#8221;full&#8221; alignment=&#8221;center&#8221; el_id=&#8221;imagedesign&#8221;][vc_column_text]Les denr\u00e9es p\u00e9rissables sont celles qui, en raison de leurs caract\u00e9ristiques naturelles, peuvent \u00eatre consomm\u00e9es pendant<span class=\"excerpt-hellip\"> [\u2026]<\/span><\/p>\n","protected":false},"author":2,"featured_media":0,"parent":0,"menu_order":0,"comment_status":"closed","ping_status":"closed","template":"","meta":{"_acf_changed":false,"nf_dc_page":"","footnotes":""},"class_list":["post-1099","page","type-page","status-publish","hentry","types-nourriture-et-boisson"],"acf":[],"yoast_head":"<!-- This site is optimized with the Yoast SEO plugin v27.4 - https:\/\/yoast.com\/product\/yoast-seo-wordpress\/ -->\n<title>Denr\u00e9es P\u00e9rissables - Bionok<\/title>\n<meta name=\"robots\" content=\"index, follow, max-snippet:-1, max-image-preview:large, max-video-preview:-1\" \/>\n<link rel=\"canonical\" href=\"https:\/\/bionok.com\/food-fresh\/\" \/>\n<meta property=\"og:locale\" content=\"fr_FR\" \/>\n<meta property=\"og:type\" content=\"article\" \/>\n<meta property=\"og:title\" content=\"Denr\u00e9es P\u00e9rissables - Bionok\" \/>\n<meta property=\"og:description\" content=\"[vc_row css=&#8221;.vc_custom_1606733631624{margin-top: 55px !important;}&#8221;][vc_column][vc_column_text] DENR\u00c9ES P\u00c9RISSABLES [\/vc_column_text][\/vc_column][\/vc_row][vc_row][vc_column][vc_single_image image=&#8221;2528&#8243; img_size=&#8221;full&#8221; alignment=&#8221;center&#8221; el_id=&#8221;imagedesign&#8221;][vc_column_text]Les denr\u00e9es p\u00e9rissables sont celles qui, en raison de leurs caract\u00e9ristiques naturelles, peuvent \u00eatre consomm\u00e9es pendant [\u2026]\" \/>\n<meta property=\"og:url\" content=\"https:\/\/bionok.com\/food-fresh\/\" \/>\n<meta property=\"og:site_name\" content=\"Bionok\" \/>\n<meta property=\"article:modified_time\" content=\"2021-02-19T11:59:52+00:00\" \/>\n<meta name=\"twitter:card\" content=\"summary_large_image\" \/>\n<meta name=\"twitter:label1\" content=\"Dur\u00e9e de lecture estim\u00e9e\" \/>\n\t<meta name=\"twitter:data1\" content=\"3 minutes\" \/>\n<script type=\"application\/ld+json\" class=\"yoast-schema-graph\">{\"@context\":\"https:\\\/\\\/schema.org\",\"@graph\":[{\"@type\":\"WebPage\",\"@id\":\"https:\\\/\\\/bionok.com\\\/food-fresh\\\/\",\"url\":\"https:\\\/\\\/bionok.com\\\/food-fresh\\\/\",\"name\":\"Denr\u00e9es P\u00e9rissables - Bionok\",\"isPartOf\":{\"@id\":\"https:\\\/\\\/bionok.com\\\/#website\"},\"datePublished\":\"2021-01-29T14:52:48+00:00\",\"dateModified\":\"2021-02-19T11:59:52+00:00\",\"breadcrumb\":{\"@id\":\"https:\\\/\\\/bionok.com\\\/food-fresh\\\/#breadcrumb\"},\"inLanguage\":\"fr-FR\",\"potentialAction\":[{\"@type\":\"ReadAction\",\"target\":[\"https:\\\/\\\/bionok.com\\\/food-fresh\\\/\"]}]},{\"@type\":\"BreadcrumbList\",\"@id\":\"https:\\\/\\\/bionok.com\\\/food-fresh\\\/#breadcrumb\",\"itemListElement\":[{\"@type\":\"ListItem\",\"position\":1,\"name\":\"Portada\",\"item\":\"https:\\\/\\\/bionok.com\\\/fr\\\/\"},{\"@type\":\"ListItem\",\"position\":2,\"name\":\"Denr\u00e9es P\u00e9rissables\"}]},{\"@type\":\"WebSite\",\"@id\":\"https:\\\/\\\/bionok.com\\\/#website\",\"url\":\"https:\\\/\\\/bionok.com\\\/\",\"name\":\"Bionok\",\"description\":\"\",\"potentialAction\":[{\"@type\":\"SearchAction\",\"target\":{\"@type\":\"EntryPoint\",\"urlTemplate\":\"https:\\\/\\\/bionok.com\\\/?s={search_term_string}\"},\"query-input\":{\"@type\":\"PropertyValueSpecification\",\"valueRequired\":true,\"valueName\":\"search_term_string\"}}],\"inLanguage\":\"fr-FR\"}]}<\/script>\n<!-- \/ Yoast SEO plugin. -->","yoast_head_json":{"title":"Denr\u00e9es P\u00e9rissables - Bionok","robots":{"index":"index","follow":"follow","max-snippet":"max-snippet:-1","max-image-preview":"max-image-preview:large","max-video-preview":"max-video-preview:-1"},"canonical":"https:\/\/bionok.com\/food-fresh\/","og_locale":"fr_FR","og_type":"article","og_title":"Denr\u00e9es P\u00e9rissables - Bionok","og_description":"[vc_row css=&#8221;.vc_custom_1606733631624{margin-top: 55px !important;}&#8221;][vc_column][vc_column_text] DENR\u00c9ES P\u00c9RISSABLES [\/vc_column_text][\/vc_column][\/vc_row][vc_row][vc_column][vc_single_image image=&#8221;2528&#8243; img_size=&#8221;full&#8221; alignment=&#8221;center&#8221; el_id=&#8221;imagedesign&#8221;][vc_column_text]Les denr\u00e9es p\u00e9rissables sont celles qui, en raison de leurs caract\u00e9ristiques naturelles, peuvent \u00eatre consomm\u00e9es pendant [\u2026]","og_url":"https:\/\/bionok.com\/food-fresh\/","og_site_name":"Bionok","article_modified_time":"2021-02-19T11:59:52+00:00","twitter_card":"summary_large_image","twitter_misc":{"Dur\u00e9e de lecture estim\u00e9e":"3 minutes"},"schema":{"@context":"https:\/\/schema.org","@graph":[{"@type":"WebPage","@id":"https:\/\/bionok.com\/food-fresh\/","url":"https:\/\/bionok.com\/food-fresh\/","name":"Denr\u00e9es P\u00e9rissables - Bionok","isPartOf":{"@id":"https:\/\/bionok.com\/#website"},"datePublished":"2021-01-29T14:52:48+00:00","dateModified":"2021-02-19T11:59:52+00:00","breadcrumb":{"@id":"https:\/\/bionok.com\/food-fresh\/#breadcrumb"},"inLanguage":"fr-FR","potentialAction":[{"@type":"ReadAction","target":["https:\/\/bionok.com\/food-fresh\/"]}]},{"@type":"BreadcrumbList","@id":"https:\/\/bionok.com\/food-fresh\/#breadcrumb","itemListElement":[{"@type":"ListItem","position":1,"name":"Portada","item":"https:\/\/bionok.com\/fr\/"},{"@type":"ListItem","position":2,"name":"Denr\u00e9es P\u00e9rissables"}]},{"@type":"WebSite","@id":"https:\/\/bionok.com\/#website","url":"https:\/\/bionok.com\/","name":"Bionok","description":"","potentialAction":[{"@type":"SearchAction","target":{"@type":"EntryPoint","urlTemplate":"https:\/\/bionok.com\/?s={search_term_string}"},"query-input":{"@type":"PropertyValueSpecification","valueRequired":true,"valueName":"search_term_string"}}],"inLanguage":"fr-FR"}]}},"jetpack_sharing_enabled":true,"_links":{"self":[{"href":"https:\/\/bionok.com\/fr\/wp-json\/wp\/v2\/pages\/1099","targetHints":{"allow":["GET"]}}],"collection":[{"href":"https:\/\/bionok.com\/fr\/wp-json\/wp\/v2\/pages"}],"about":[{"href":"https:\/\/bionok.com\/fr\/wp-json\/wp\/v2\/types\/page"}],"author":[{"embeddable":true,"href":"https:\/\/bionok.com\/fr\/wp-json\/wp\/v2\/users\/2"}],"replies":[{"embeddable":true,"href":"https:\/\/bionok.com\/fr\/wp-json\/wp\/v2\/comments?post=1099"}],"version-history":[{"count":11,"href":"https:\/\/bionok.com\/fr\/wp-json\/wp\/v2\/pages\/1099\/revisions"}],"predecessor-version":[{"id":2531,"href":"https:\/\/bionok.com\/fr\/wp-json\/wp\/v2\/pages\/1099\/revisions\/2531"}],"wp:attachment":[{"href":"https:\/\/bionok.com\/fr\/wp-json\/wp\/v2\/media?parent=1099"}],"curies":[{"name":"wp","href":"https:\/\/api.w.org\/{rel}","templated":true}]}}