	{"id":1767,"date":"2021-02-11T15:59:51","date_gmt":"2021-02-11T14:59:51","guid":{"rendered":"http:\/\/bionok.proyectosrank.com\/?page_id=1767"},"modified":"2021-02-19T10:53:25","modified_gmt":"2021-02-19T09:53:25","slug":"equipement-de-protection-individuelle-epi","status":"publish","type":"page","link":"https:\/\/bionok.com\/fr\/equipement-de-protection-individuelle-epi\/","title":{"rendered":"\u00c9quipement de protection individuelle (EPI)"},"content":{"rendered":"<div class=\"wpb-content-wrapper\"><p>[vc_row css=&#8221;.vc_custom_1606733631624{margin-top: 55px !important;}&#8221;][vc_column][vc_column_text]<\/p>\n<h1 style=\"text-align: center;\">\u00c9QUIPEMENT DE PROTECTION INDIVIDUELLE (EPI)<\/h1>\n<p>[\/vc_column_text][\/vc_column][\/vc_row][vc_row][vc_column][vc_single_image image=&#8221;2338&#8243; img_size=&#8221;full&#8221; el_id=&#8221;imagedesign&#8221;][vc_column_text]Les \u00e9quipements de protection individuelle (EPI) \u00e9tant d\u00e9finis plus ou moins uniform\u00e9ment par les l\u00e9gislations comme \u00ab tout \u00e9quipement, dispositif ou dispositif sp\u00e9cialement con\u00e7u et fabriqu\u00e9 pour pr\u00e9server le corps humain, en tout ou en partie, de risques sp\u00e9cifiques d&#8217;accidents du travail ou maladies professionnelles \u00bb Ils sont constitu\u00e9s de v\u00eatements sp\u00e9cialis\u00e9s tels que gants, casques, lunettes, masque, etc. Ils sont n\u00e9cessaires pour am\u00e9liorer les conditions de sant\u00e9 et de s\u00e9curit\u00e9 des travailleurs tout en minimisant les risques auxquels ils pourraient \u00eatre expos\u00e9s tels que risques biologiques, calorifiques, physiques ou chimiques.<\/p>\n<p>Ce type de produits est r\u00e9glement\u00e9, \u00e0 la fois au niveau europ\u00e9en et dans le monde entier au niveau national.<\/p>\n<p>Les r\u00e9glementations importantes en la mati\u00e8re sont la directive relative \u00e0 la protection individuelle 89\/686 \/ CEE, relative \u00e0 l&#8217;utilisation des EPI au travail, et le r\u00e8glement sur les \u00e9quipements de protection individuelle (UE) 425\/2016, relatif \u00e0 la conception et \u00e0 la fabrication des EPI. Il est \u00e0 noter que le r\u00e8glement 425\/2016 a abrog\u00e9 la directive 89\/686 \/ CEE, avec effet au 21 avril 2018. Cependant, les \u00e9quipements portant le marquage CE conform\u00e9ment \u00e0 la directive pr\u00e9c\u00e9dente peuvent rester sur le march\u00e9 jusqu&#8217;\u00e0 la date d&#8217;expiration du le certificat.<\/p>\n<p>\u00c0 compter du 21 avril 2023, seuls les certificats CE conformes au r\u00e8glement 425\/2016 entreront en vigueur.<\/p>\n<p>Chez Bionok Healthcare nous traitons et vous conseillons tout au long du processus de conformit\u00e9 \u00e0 la r\u00e9glementation, de caract\u00e9risation, de d\u00e9finition des mat\u00e9riaux utilis\u00e9s et des tests n\u00e9cessaires \u00e0 leur gestion.<\/p>\n<p>&#8211; S\u00e9lection d&#8217;un repr\u00e9sentant europ\u00e9en agr\u00e9\u00e9 (pour les fabricants hors Union europ\u00e9enne).<\/p>\n<p>&#8211; Obtention du marquage CE par l&#8217;interm\u00e9diaire d&#8217;un organisme notifiant, n\u00e9cessaire pour les EPI \u00e0 haut risque (cat\u00e9gories II et III)[\/vc_column_text][\/vc_column][\/vc_row][vc_row css=&#8221;.vc_custom_1606726985955{margin-top: 0px !important;margin-bottom: 25px !important;border-top-width: 6px !important;border-top-color: #807002 !important;}&#8221; el_id=&#8221;contactview&#8221;][vc_column width=&#8221;1\/2&#8243; css=&#8221;.vc_custom_1601110535248{border-left-width: 3px !important;border-left-color: #00184e !important;}&#8221;][vc_column_text css=&#8221;.vc_custom_1613728385154{border-left-width: 3px !important;border-left-color: #00184e !important;}&#8221;]<\/p>\n<h4>\u00a0Avez-vous des questions?<\/h4>\n<p><strong>+34911371170<\/strong>[\/vc_column_text][\/vc_column][vc_column width=&#8221;1\/2&#8243;][vc_btn title=&#8221;N&#8217;H\u00c9SITEZ PAS \u00c0 NOUS CONTACTER&#8221; style=&#8221;flat&#8221; shape=&#8221;square&#8221; color=&#8221;sandy-brown&#8221; size=&#8221;lg&#8221; align=&#8221;right&#8221; el_id=&#8221;buttons&#8221; link=&#8221;url:%2Fcontact-us%2F&#8221;][\/vc_column][\/vc_row][vc_row css=&#8221;.vc_custom_1606729171993{margin-top: 45px !important;margin-bottom: 75px !important;}&#8221;][vc_column]<ul class=\"clients clearfix \"><li style=\"width:16.667%\"><div class=\"client_wrapper\"><div class=\"gs-wrapper\"><img decoding=\"async\" width=\"135\" height=\"75\" src=\"https:\/\/i0.wp.com\/bionok.com\/wp-content\/uploads\/2020\/09\/china-machine-vision-industry-union-vector-logo.png?fit=135%2C75&amp;ssl=1\" class=\"scale-with-grid wp-post-image\" alt=\"\" srcset=\"https:\/\/i0.wp.com\/bionok.com\/wp-content\/uploads\/2020\/09\/china-machine-vision-industry-union-vector-logo.png?w=900&amp;ssl=1 900w, https:\/\/i0.wp.com\/bionok.com\/wp-content\/uploads\/2020\/09\/china-machine-vision-industry-union-vector-logo.png?resize=300%2C167&amp;ssl=1 300w, https:\/\/i0.wp.com\/bionok.com\/wp-content\/uploads\/2020\/09\/china-machine-vision-industry-union-vector-logo.png?resize=768%2C427&amp;ssl=1 768w, https:\/\/i0.wp.com\/bionok.com\/wp-content\/uploads\/2020\/09\/china-machine-vision-industry-union-vector-logo.png?resize=260%2C144&amp;ssl=1 260w, https:\/\/i0.wp.com\/bionok.com\/wp-content\/uploads\/2020\/09\/china-machine-vision-industry-union-vector-logo.png?resize=50%2C28&amp;ssl=1 50w, https:\/\/i0.wp.com\/bionok.com\/wp-content\/uploads\/2020\/09\/china-machine-vision-industry-union-vector-logo.png?resize=135%2C75&amp;ssl=1 135w\" sizes=\"(max-width: 135px) 100vw, 135px\" \/><\/div><\/div><\/li><li style=\"width:16.667%\"><div class=\"client_wrapper\"><div class=\"gs-wrapper\"><img decoding=\"async\" width=\"150\" height=\"58\" src=\"https:\/\/i0.wp.com\/bionok.com\/wp-content\/uploads\/2020\/09\/logo-Industry-USA.png?fit=150%2C58&amp;ssl=1\" class=\"scale-with-grid wp-post-image\" alt=\"\" srcset=\"https:\/\/i0.wp.com\/bionok.com\/wp-content\/uploads\/2020\/09\/logo-Industry-USA.png?w=388&amp;ssl=1 388w, https:\/\/i0.wp.com\/bionok.com\/wp-content\/uploads\/2020\/09\/logo-Industry-USA.png?resize=300%2C116&amp;ssl=1 300w, https:\/\/i0.wp.com\/bionok.com\/wp-content\/uploads\/2020\/09\/logo-Industry-USA.png?resize=260%2C101&amp;ssl=1 260w, https:\/\/i0.wp.com\/bionok.com\/wp-content\/uploads\/2020\/09\/logo-Industry-USA.png?resize=50%2C19&amp;ssl=1 50w, https:\/\/i0.wp.com\/bionok.com\/wp-content\/uploads\/2020\/09\/logo-Industry-USA.png?resize=150%2C58&amp;ssl=1 150w\" sizes=\"(max-width: 150px) 100vw, 150px\" \/><\/div><\/div><\/li><li style=\"width:16.667%\"><div class=\"client_wrapper\"><div class=\"gs-wrapper\"><img decoding=\"async\" width=\"105\" height=\"75\" src=\"https:\/\/i0.wp.com\/bionok.com\/wp-content\/uploads\/2020\/09\/logo.jpg?fit=105%2C75&amp;ssl=1\" class=\"scale-with-grid wp-post-image\" alt=\"\" srcset=\"https:\/\/i0.wp.com\/bionok.com\/wp-content\/uploads\/2020\/09\/logo.jpg?w=172&amp;ssl=1 172w, https:\/\/i0.wp.com\/bionok.com\/wp-content\/uploads\/2020\/09\/logo.jpg?resize=50%2C36&amp;ssl=1 50w, https:\/\/i0.wp.com\/bionok.com\/wp-content\/uploads\/2020\/09\/logo.jpg?resize=105%2C75&amp;ssl=1 105w\" sizes=\"(max-width: 105px) 100vw, 105px\" \/><\/div><\/div><\/li><li style=\"width:16.667%\"><div class=\"client_wrapper\"><div class=\"gs-wrapper\"><img loading=\"lazy\" decoding=\"async\" width=\"142\" height=\"75\" src=\"https:\/\/i0.wp.com\/bionok.com\/wp-content\/uploads\/2020\/09\/descarga.png?fit=142%2C75&amp;ssl=1\" class=\"scale-with-grid wp-post-image\" alt=\"\" srcset=\"https:\/\/i0.wp.com\/bionok.com\/wp-content\/uploads\/2020\/09\/descarga.png?w=309&amp;ssl=1 309w, https:\/\/i0.wp.com\/bionok.com\/wp-content\/uploads\/2020\/09\/descarga.png?resize=300%2C158&amp;ssl=1 300w, https:\/\/i0.wp.com\/bionok.com\/wp-content\/uploads\/2020\/09\/descarga.png?resize=260%2C137&amp;ssl=1 260w, https:\/\/i0.wp.com\/bionok.com\/wp-content\/uploads\/2020\/09\/descarga.png?resize=50%2C26&amp;ssl=1 50w, https:\/\/i0.wp.com\/bionok.com\/wp-content\/uploads\/2020\/09\/descarga.png?resize=142%2C75&amp;ssl=1 142w\" sizes=\"(max-width: 142px) 100vw, 142px\" \/><\/div><\/div><\/li><li style=\"width:16.667%\"><div class=\"client_wrapper\"><div class=\"gs-wrapper\"><img loading=\"lazy\" decoding=\"async\" width=\"75\" height=\"75\" src=\"https:\/\/i0.wp.com\/bionok.com\/wp-content\/uploads\/2020\/09\/0.png?fit=75%2C75&amp;ssl=1\" class=\"scale-with-grid wp-post-image\" alt=\"\" srcset=\"https:\/\/i0.wp.com\/bionok.com\/wp-content\/uploads\/2020\/09\/0.png?w=200&amp;ssl=1 200w, https:\/\/i0.wp.com\/bionok.com\/wp-content\/uploads\/2020\/09\/0.png?resize=150%2C150&amp;ssl=1 150w, https:\/\/i0.wp.com\/bionok.com\/wp-content\/uploads\/2020\/09\/0.png?resize=146%2C146&amp;ssl=1 146w, https:\/\/i0.wp.com\/bionok.com\/wp-content\/uploads\/2020\/09\/0.png?resize=50%2C50&amp;ssl=1 50w, https:\/\/i0.wp.com\/bionok.com\/wp-content\/uploads\/2020\/09\/0.png?resize=75%2C75&amp;ssl=1 75w, https:\/\/i0.wp.com\/bionok.com\/wp-content\/uploads\/2020\/09\/0.png?resize=85%2C85&amp;ssl=1 85w, https:\/\/i0.wp.com\/bionok.com\/wp-content\/uploads\/2020\/09\/0.png?resize=80%2C80&amp;ssl=1 80w\" sizes=\"(max-width: 75px) 100vw, 75px\" \/><\/div><\/div><\/li><li style=\"width:16.667%\"><div class=\"client_wrapper\"><div class=\"gs-wrapper\"><img loading=\"lazy\" decoding=\"async\" width=\"143\" height=\"75\" src=\"https:\/\/i0.wp.com\/bionok.com\/wp-content\/uploads\/2020\/09\/GRS.jpg?fit=143%2C75&amp;ssl=1\" class=\"scale-with-grid wp-post-image\" alt=\"\" srcset=\"https:\/\/i0.wp.com\/bionok.com\/wp-content\/uploads\/2020\/09\/GRS.jpg?w=600&amp;ssl=1 600w, https:\/\/i0.wp.com\/bionok.com\/wp-content\/uploads\/2020\/09\/GRS.jpg?resize=300%2C158&amp;ssl=1 300w, https:\/\/i0.wp.com\/bionok.com\/wp-content\/uploads\/2020\/09\/GRS.jpg?resize=260%2C137&amp;ssl=1 260w, https:\/\/i0.wp.com\/bionok.com\/wp-content\/uploads\/2020\/09\/GRS.jpg?resize=50%2C26&amp;ssl=1 50w, https:\/\/i0.wp.com\/bionok.com\/wp-content\/uploads\/2020\/09\/GRS.jpg?resize=143%2C75&amp;ssl=1 143w\" sizes=\"(max-width: 143px) 100vw, 143px\" \/><\/div><\/div><\/li><\/ul>\n[\/vc_column][\/vc_row]<\/p>\n<\/div>","protected":false},"excerpt":{"rendered":"<p>[vc_row css=&#8221;.vc_custom_1606733631624{margin-top: 55px !important;}&#8221;][vc_column][vc_column_text] \u00c9QUIPEMENT DE PROTECTION INDIVIDUELLE (EPI) [\/vc_column_text][\/vc_column][\/vc_row][vc_row][vc_column][vc_single_image image=&#8221;2338&#8243; img_size=&#8221;full&#8221; el_id=&#8221;imagedesign&#8221;][vc_column_text]Les \u00e9quipements de protection individuelle (EPI) \u00e9tant d\u00e9finis plus ou moins uniform\u00e9ment par les<span class=\"excerpt-hellip\"> [\u2026]<\/span><\/p>\n","protected":false},"author":2,"featured_media":0,"parent":0,"menu_order":0,"comment_status":"closed","ping_status":"closed","template":"","meta":{"_acf_changed":false,"nf_dc_page":"","footnotes":""},"class_list":["post-1767","page","type-page","status-publish","hentry","types-industrial-ce-mark"],"acf":[],"yoast_head":"<!-- This site is optimized with the Yoast SEO plugin v27.4 - https:\/\/yoast.com\/product\/yoast-seo-wordpress\/ -->\n<title>\u00c9quipement de protection individuelle (EPI) - Bionok<\/title>\n<meta name=\"robots\" content=\"index, follow, max-snippet:-1, max-image-preview:large, max-video-preview:-1\" \/>\n<link rel=\"canonical\" href=\"https:\/\/bionok.com\/protective-equipment-epi\/\" \/>\n<meta property=\"og:locale\" content=\"fr_FR\" \/>\n<meta property=\"og:type\" content=\"article\" \/>\n<meta property=\"og:title\" content=\"\u00c9quipement de protection individuelle (EPI) - Bionok\" \/>\n<meta property=\"og:description\" content=\"[vc_row css=&#8221;.vc_custom_1606733631624{margin-top: 55px !important;}&#8221;][vc_column][vc_column_text] \u00c9QUIPEMENT DE PROTECTION INDIVIDUELLE (EPI) [\/vc_column_text][\/vc_column][\/vc_row][vc_row][vc_column][vc_single_image image=&#8221;2338&#8243; img_size=&#8221;full&#8221; el_id=&#8221;imagedesign&#8221;][vc_column_text]Les \u00e9quipements de protection individuelle (EPI) \u00e9tant d\u00e9finis plus ou moins uniform\u00e9ment par les [\u2026]\" \/>\n<meta property=\"og:url\" content=\"https:\/\/bionok.com\/protective-equipment-epi\/\" \/>\n<meta property=\"og:site_name\" content=\"Bionok\" \/>\n<meta property=\"article:modified_time\" content=\"2021-02-19T09:53:25+00:00\" \/>\n<meta name=\"twitter:card\" content=\"summary_large_image\" \/>\n<meta name=\"twitter:label1\" content=\"Dur\u00e9e de lecture estim\u00e9e\" \/>\n\t<meta name=\"twitter:data1\" content=\"2 minutes\" \/>\n<script type=\"application\/ld+json\" class=\"yoast-schema-graph\">{\"@context\":\"https:\\\/\\\/schema.org\",\"@graph\":[{\"@type\":\"WebPage\",\"@id\":\"https:\\\/\\\/bionok.com\\\/protective-equipment-epi\\\/\",\"url\":\"https:\\\/\\\/bionok.com\\\/protective-equipment-epi\\\/\",\"name\":\"\u00c9quipement de protection individuelle (EPI) - Bionok\",\"isPartOf\":{\"@id\":\"https:\\\/\\\/bionok.com\\\/#website\"},\"datePublished\":\"2021-02-11T14:59:51+00:00\",\"dateModified\":\"2021-02-19T09:53:25+00:00\",\"breadcrumb\":{\"@id\":\"https:\\\/\\\/bionok.com\\\/protective-equipment-epi\\\/#breadcrumb\"},\"inLanguage\":\"fr-FR\",\"potentialAction\":[{\"@type\":\"ReadAction\",\"target\":[\"https:\\\/\\\/bionok.com\\\/protective-equipment-epi\\\/\"]}]},{\"@type\":\"BreadcrumbList\",\"@id\":\"https:\\\/\\\/bionok.com\\\/protective-equipment-epi\\\/#breadcrumb\",\"itemListElement\":[{\"@type\":\"ListItem\",\"position\":1,\"name\":\"Portada\",\"item\":\"https:\\\/\\\/bionok.com\\\/fr\\\/\"},{\"@type\":\"ListItem\",\"position\":2,\"name\":\"\u00c9quipement de protection individuelle (EPI)\"}]},{\"@type\":\"WebSite\",\"@id\":\"https:\\\/\\\/bionok.com\\\/#website\",\"url\":\"https:\\\/\\\/bionok.com\\\/\",\"name\":\"Bionok\",\"description\":\"\",\"potentialAction\":[{\"@type\":\"SearchAction\",\"target\":{\"@type\":\"EntryPoint\",\"urlTemplate\":\"https:\\\/\\\/bionok.com\\\/?s={search_term_string}\"},\"query-input\":{\"@type\":\"PropertyValueSpecification\",\"valueRequired\":true,\"valueName\":\"search_term_string\"}}],\"inLanguage\":\"fr-FR\"}]}<\/script>\n<!-- \/ Yoast SEO plugin. -->","yoast_head_json":{"title":"\u00c9quipement de protection individuelle (EPI) - Bionok","robots":{"index":"index","follow":"follow","max-snippet":"max-snippet:-1","max-image-preview":"max-image-preview:large","max-video-preview":"max-video-preview:-1"},"canonical":"https:\/\/bionok.com\/protective-equipment-epi\/","og_locale":"fr_FR","og_type":"article","og_title":"\u00c9quipement de protection individuelle (EPI) - Bionok","og_description":"[vc_row css=&#8221;.vc_custom_1606733631624{margin-top: 55px !important;}&#8221;][vc_column][vc_column_text] \u00c9QUIPEMENT DE PROTECTION INDIVIDUELLE (EPI) [\/vc_column_text][\/vc_column][\/vc_row][vc_row][vc_column][vc_single_image image=&#8221;2338&#8243; img_size=&#8221;full&#8221; el_id=&#8221;imagedesign&#8221;][vc_column_text]Les \u00e9quipements de protection individuelle (EPI) \u00e9tant d\u00e9finis plus ou moins uniform\u00e9ment par les [\u2026]","og_url":"https:\/\/bionok.com\/protective-equipment-epi\/","og_site_name":"Bionok","article_modified_time":"2021-02-19T09:53:25+00:00","twitter_card":"summary_large_image","twitter_misc":{"Dur\u00e9e de lecture estim\u00e9e":"2 minutes"},"schema":{"@context":"https:\/\/schema.org","@graph":[{"@type":"WebPage","@id":"https:\/\/bionok.com\/protective-equipment-epi\/","url":"https:\/\/bionok.com\/protective-equipment-epi\/","name":"\u00c9quipement de protection individuelle (EPI) - Bionok","isPartOf":{"@id":"https:\/\/bionok.com\/#website"},"datePublished":"2021-02-11T14:59:51+00:00","dateModified":"2021-02-19T09:53:25+00:00","breadcrumb":{"@id":"https:\/\/bionok.com\/protective-equipment-epi\/#breadcrumb"},"inLanguage":"fr-FR","potentialAction":[{"@type":"ReadAction","target":["https:\/\/bionok.com\/protective-equipment-epi\/"]}]},{"@type":"BreadcrumbList","@id":"https:\/\/bionok.com\/protective-equipment-epi\/#breadcrumb","itemListElement":[{"@type":"ListItem","position":1,"name":"Portada","item":"https:\/\/bionok.com\/fr\/"},{"@type":"ListItem","position":2,"name":"\u00c9quipement de protection individuelle (EPI)"}]},{"@type":"WebSite","@id":"https:\/\/bionok.com\/#website","url":"https:\/\/bionok.com\/","name":"Bionok","description":"","potentialAction":[{"@type":"SearchAction","target":{"@type":"EntryPoint","urlTemplate":"https:\/\/bionok.com\/?s={search_term_string}"},"query-input":{"@type":"PropertyValueSpecification","valueRequired":true,"valueName":"search_term_string"}}],"inLanguage":"fr-FR"}]}},"jetpack_sharing_enabled":true,"_links":{"self":[{"href":"https:\/\/bionok.com\/fr\/wp-json\/wp\/v2\/pages\/1767","targetHints":{"allow":["GET"]}}],"collection":[{"href":"https:\/\/bionok.com\/fr\/wp-json\/wp\/v2\/pages"}],"about":[{"href":"https:\/\/bionok.com\/fr\/wp-json\/wp\/v2\/types\/page"}],"author":[{"embeddable":true,"href":"https:\/\/bionok.com\/fr\/wp-json\/wp\/v2\/users\/2"}],"replies":[{"embeddable":true,"href":"https:\/\/bionok.com\/fr\/wp-json\/wp\/v2\/comments?post=1767"}],"version-history":[{"count":7,"href":"https:\/\/bionok.com\/fr\/wp-json\/wp\/v2\/pages\/1767\/revisions"}],"predecessor-version":[{"id":2398,"href":"https:\/\/bionok.com\/fr\/wp-json\/wp\/v2\/pages\/1767\/revisions\/2398"}],"wp:attachment":[{"href":"https:\/\/bionok.com\/fr\/wp-json\/wp\/v2\/media?parent=1767"}],"curies":[{"name":"wp","href":"https:\/\/api.w.org\/{rel}","templated":true}]}}