	{"id":655,"date":"2020-12-03T09:18:26","date_gmt":"2020-12-03T08:18:26","guid":{"rendered":"http:\/\/bionok.proyectosrank.com\/?page_id=655"},"modified":"2021-02-19T11:14:08","modified_gmt":"2021-02-19T10:14:08","slug":"fragrances-aromes","status":"publish","type":"page","link":"https:\/\/bionok.com\/fr\/fragrances-aromes\/","title":{"rendered":"Fragrances &#038; Aromes"},"content":{"rendered":"<div class=\"wpb-content-wrapper\"><p>[vc_row css=&#8221;.vc_custom_1606733631624{margin-top: 55px !important;}&#8221;][vc_column][vc_column_text]<\/p>\n<h1 style=\"text-align: center;\">FRAGRANCES ET AROMES<\/h1>\n<p>[\/vc_column_text][\/vc_column][\/vc_row][vc_row][vc_column][vc_single_image image=&#8221;716&#8243; img_size=&#8221;full&#8221; el_id=&#8221;imagedesign&#8221;][vc_column_text]Les parfums et les ar\u00f4mes sont pr\u00e9sents dans une grande partie des produits cosm\u00e9tiques, d\u00e9tergents et d\u2019autres produits menagers. Ces substances servent \u00e0 donner une odeur, \u00e0 masquer les odeurs d\u00e9sagr\u00e9ables ou \u00e0 aromatiser les produits comestibles. Les substances aux propri\u00e9t\u00e9s aromatiques, d&#8217;origine naturelle ou synth\u00e9tique, doivent pouvoir \u00eatre utilis\u00e9es sans danger dans ces produits et leur teneur en allerg\u00e8nes doit \u00eatre d\u00e9clar\u00e9e pour \u00e9viter les effets de sensibilisation.<\/p>\n<p>Selon le type de produit dans lequel elles doivent \u00eatre introduites, ces substances doivent r\u00e9pondre \u00e0 une s\u00e9rie d&#8217;exigences. Les ar\u00f4mes alimentaires sont r\u00e9gis par une r\u00e9glementation diff\u00e9rente de celle des autres produits. Pour ces derniers, il faut analyser leur s\u00e9curit\u00e9 dans le cadre de la r\u00e9glementation du produit dans lequel ils se trouvent.<\/p>\n<p>L&#8217;IFRA est une organisation d\u00e9di\u00e9e \u00e0 la promotion de l&#8217;utilisation s\u00fbre des ingr\u00e9dients de parfum et publie r\u00e9guli\u00e8rement une liste de restrictions pour les parfums et les parfums. Conform\u00e9ment \u00e0 leurs directives, il existe une assurance pour les fabricants et les distributeurs afin de garantir la s\u00e9curit\u00e9 de leurs produits.<\/p>\n<p>Chez Bionok, nous sommes pr\u00eats \u00e0 vous aider \u00e0 d\u00e9velopper vos produits. Nous pouvons \u00e9valuer vos parfums et parfums selon les normes IFRA et vous conseillerons \u00e9galement sur l&#8217;\u00e9tiquetage des ingr\u00e9dients de parfum et des allerg\u00e8nes par produit. Tout cela pour que vous puissiez vous consacrer \u00e0 la gestion de votre entreprise de la mani\u00e8re la plus fluide possible.[\/vc_column_text][\/vc_column][\/vc_row][vc_row css=&#8221;.vc_custom_1606726985955{margin-top: 0px !important;margin-bottom: 25px !important;border-top-width: 6px !important;border-top-color: #807002 !important;}&#8221; el_id=&#8221;contactview&#8221;][vc_column width=&#8221;1\/2&#8243; css=&#8221;.vc_custom_1601110535248{border-left-width: 3px !important;border-left-color: #00184e !important;}&#8221;][vc_column_text css=&#8221;.vc_custom_1613652157982{border-left-width: 3px !important;border-left-color: #00184e !important;}&#8221;]<\/p>\n<h4>Avez-vous des questions?<\/h4>\n<p><strong>+34911371170<\/strong>[\/vc_column_text][\/vc_column][vc_column width=&#8221;1\/2&#8243;][vc_btn title=&#8221;N&#8217;H\u00c9SITEZ PAS \u00c0 NOUS CONTACTER&#8221; style=&#8221;flat&#8221; shape=&#8221;square&#8221; color=&#8221;sandy-brown&#8221; size=&#8221;lg&#8221; align=&#8221;right&#8221; el_id=&#8221;buttons&#8221;][\/vc_column][\/vc_row][vc_row css=&#8221;.vc_custom_1606729171993{margin-top: 45px !important;margin-bottom: 75px !important;}&#8221;][vc_column]<ul class=\"clients clearfix \"><li style=\"width:16.667%\"><div class=\"client_wrapper\"><div class=\"gs-wrapper\"><img decoding=\"async\" width=\"135\" height=\"75\" src=\"https:\/\/i0.wp.com\/bionok.com\/wp-content\/uploads\/2020\/09\/china-machine-vision-industry-union-vector-logo.png?fit=135%2C75&amp;ssl=1\" class=\"scale-with-grid wp-post-image\" alt=\"\" srcset=\"https:\/\/i0.wp.com\/bionok.com\/wp-content\/uploads\/2020\/09\/china-machine-vision-industry-union-vector-logo.png?w=900&amp;ssl=1 900w, https:\/\/i0.wp.com\/bionok.com\/wp-content\/uploads\/2020\/09\/china-machine-vision-industry-union-vector-logo.png?resize=300%2C167&amp;ssl=1 300w, https:\/\/i0.wp.com\/bionok.com\/wp-content\/uploads\/2020\/09\/china-machine-vision-industry-union-vector-logo.png?resize=768%2C427&amp;ssl=1 768w, https:\/\/i0.wp.com\/bionok.com\/wp-content\/uploads\/2020\/09\/china-machine-vision-industry-union-vector-logo.png?resize=260%2C144&amp;ssl=1 260w, https:\/\/i0.wp.com\/bionok.com\/wp-content\/uploads\/2020\/09\/china-machine-vision-industry-union-vector-logo.png?resize=50%2C28&amp;ssl=1 50w, https:\/\/i0.wp.com\/bionok.com\/wp-content\/uploads\/2020\/09\/china-machine-vision-industry-union-vector-logo.png?resize=135%2C75&amp;ssl=1 135w\" sizes=\"(max-width: 135px) 100vw, 135px\" \/><\/div><\/div><\/li><li style=\"width:16.667%\"><div class=\"client_wrapper\"><div class=\"gs-wrapper\"><img decoding=\"async\" width=\"150\" height=\"58\" src=\"https:\/\/i0.wp.com\/bionok.com\/wp-content\/uploads\/2020\/09\/logo-Industry-USA.png?fit=150%2C58&amp;ssl=1\" class=\"scale-with-grid wp-post-image\" alt=\"\" srcset=\"https:\/\/i0.wp.com\/bionok.com\/wp-content\/uploads\/2020\/09\/logo-Industry-USA.png?w=388&amp;ssl=1 388w, https:\/\/i0.wp.com\/bionok.com\/wp-content\/uploads\/2020\/09\/logo-Industry-USA.png?resize=300%2C116&amp;ssl=1 300w, https:\/\/i0.wp.com\/bionok.com\/wp-content\/uploads\/2020\/09\/logo-Industry-USA.png?resize=260%2C101&amp;ssl=1 260w, https:\/\/i0.wp.com\/bionok.com\/wp-content\/uploads\/2020\/09\/logo-Industry-USA.png?resize=50%2C19&amp;ssl=1 50w, https:\/\/i0.wp.com\/bionok.com\/wp-content\/uploads\/2020\/09\/logo-Industry-USA.png?resize=150%2C58&amp;ssl=1 150w\" sizes=\"(max-width: 150px) 100vw, 150px\" \/><\/div><\/div><\/li><li style=\"width:16.667%\"><div class=\"client_wrapper\"><div class=\"gs-wrapper\"><img decoding=\"async\" width=\"105\" height=\"75\" src=\"https:\/\/i0.wp.com\/bionok.com\/wp-content\/uploads\/2020\/09\/logo.jpg?fit=105%2C75&amp;ssl=1\" class=\"scale-with-grid wp-post-image\" alt=\"\" srcset=\"https:\/\/i0.wp.com\/bionok.com\/wp-content\/uploads\/2020\/09\/logo.jpg?w=172&amp;ssl=1 172w, https:\/\/i0.wp.com\/bionok.com\/wp-content\/uploads\/2020\/09\/logo.jpg?resize=50%2C36&amp;ssl=1 50w, https:\/\/i0.wp.com\/bionok.com\/wp-content\/uploads\/2020\/09\/logo.jpg?resize=105%2C75&amp;ssl=1 105w\" sizes=\"(max-width: 105px) 100vw, 105px\" \/><\/div><\/div><\/li><li style=\"width:16.667%\"><div class=\"client_wrapper\"><div class=\"gs-wrapper\"><img loading=\"lazy\" decoding=\"async\" width=\"142\" height=\"75\" src=\"https:\/\/i0.wp.com\/bionok.com\/wp-content\/uploads\/2020\/09\/descarga.png?fit=142%2C75&amp;ssl=1\" class=\"scale-with-grid wp-post-image\" alt=\"\" srcset=\"https:\/\/i0.wp.com\/bionok.com\/wp-content\/uploads\/2020\/09\/descarga.png?w=309&amp;ssl=1 309w, https:\/\/i0.wp.com\/bionok.com\/wp-content\/uploads\/2020\/09\/descarga.png?resize=300%2C158&amp;ssl=1 300w, https:\/\/i0.wp.com\/bionok.com\/wp-content\/uploads\/2020\/09\/descarga.png?resize=260%2C137&amp;ssl=1 260w, https:\/\/i0.wp.com\/bionok.com\/wp-content\/uploads\/2020\/09\/descarga.png?resize=50%2C26&amp;ssl=1 50w, https:\/\/i0.wp.com\/bionok.com\/wp-content\/uploads\/2020\/09\/descarga.png?resize=142%2C75&amp;ssl=1 142w\" sizes=\"(max-width: 142px) 100vw, 142px\" \/><\/div><\/div><\/li><li style=\"width:16.667%\"><div class=\"client_wrapper\"><div class=\"gs-wrapper\"><img loading=\"lazy\" decoding=\"async\" width=\"75\" height=\"75\" src=\"https:\/\/i0.wp.com\/bionok.com\/wp-content\/uploads\/2020\/09\/0.png?fit=75%2C75&amp;ssl=1\" class=\"scale-with-grid wp-post-image\" alt=\"\" srcset=\"https:\/\/i0.wp.com\/bionok.com\/wp-content\/uploads\/2020\/09\/0.png?w=200&amp;ssl=1 200w, https:\/\/i0.wp.com\/bionok.com\/wp-content\/uploads\/2020\/09\/0.png?resize=150%2C150&amp;ssl=1 150w, https:\/\/i0.wp.com\/bionok.com\/wp-content\/uploads\/2020\/09\/0.png?resize=146%2C146&amp;ssl=1 146w, https:\/\/i0.wp.com\/bionok.com\/wp-content\/uploads\/2020\/09\/0.png?resize=50%2C50&amp;ssl=1 50w, https:\/\/i0.wp.com\/bionok.com\/wp-content\/uploads\/2020\/09\/0.png?resize=75%2C75&amp;ssl=1 75w, https:\/\/i0.wp.com\/bionok.com\/wp-content\/uploads\/2020\/09\/0.png?resize=85%2C85&amp;ssl=1 85w, https:\/\/i0.wp.com\/bionok.com\/wp-content\/uploads\/2020\/09\/0.png?resize=80%2C80&amp;ssl=1 80w\" sizes=\"(max-width: 75px) 100vw, 75px\" \/><\/div><\/div><\/li><li style=\"width:16.667%\"><div class=\"client_wrapper\"><div class=\"gs-wrapper\"><img loading=\"lazy\" decoding=\"async\" width=\"143\" height=\"75\" src=\"https:\/\/i0.wp.com\/bionok.com\/wp-content\/uploads\/2020\/09\/GRS.jpg?fit=143%2C75&amp;ssl=1\" class=\"scale-with-grid wp-post-image\" alt=\"\" srcset=\"https:\/\/i0.wp.com\/bionok.com\/wp-content\/uploads\/2020\/09\/GRS.jpg?w=600&amp;ssl=1 600w, https:\/\/i0.wp.com\/bionok.com\/wp-content\/uploads\/2020\/09\/GRS.jpg?resize=300%2C158&amp;ssl=1 300w, https:\/\/i0.wp.com\/bionok.com\/wp-content\/uploads\/2020\/09\/GRS.jpg?resize=260%2C137&amp;ssl=1 260w, https:\/\/i0.wp.com\/bionok.com\/wp-content\/uploads\/2020\/09\/GRS.jpg?resize=50%2C26&amp;ssl=1 50w, https:\/\/i0.wp.com\/bionok.com\/wp-content\/uploads\/2020\/09\/GRS.jpg?resize=143%2C75&amp;ssl=1 143w\" sizes=\"(max-width: 143px) 100vw, 143px\" \/><\/div><\/div><\/li><\/ul>\n[\/vc_column][\/vc_row]<\/p>\n<\/div>","protected":false},"excerpt":{"rendered":"<p>[vc_row css=&#8221;.vc_custom_1606733631624{margin-top: 55px !important;}&#8221;][vc_column][vc_column_text] FRAGRANCES ET AROMES [\/vc_column_text][\/vc_column][\/vc_row][vc_row][vc_column][vc_single_image image=&#8221;716&#8243; img_size=&#8221;full&#8221; el_id=&#8221;imagedesign&#8221;][vc_column_text]Les parfums et les ar\u00f4mes sont pr\u00e9sents dans une grande partie des produits cosm\u00e9tiques, d\u00e9tergents et<span class=\"excerpt-hellip\"> [\u2026]<\/span><\/p>\n","protected":false},"author":2,"featured_media":0,"parent":0,"menu_order":0,"comment_status":"closed","ping_status":"closed","template":"","meta":{"_acf_changed":false,"nf_dc_page":"","footnotes":""},"class_list":["post-655","page","type-page","status-publish","hentry","types-chemicals-fr"],"acf":[],"yoast_head":"<!-- This site is optimized with the Yoast SEO plugin v27.4 - https:\/\/yoast.com\/product\/yoast-seo-wordpress\/ -->\n<title>Fragrances &amp; Aromes - Bionok<\/title>\n<meta name=\"robots\" content=\"index, follow, max-snippet:-1, max-image-preview:large, max-video-preview:-1\" \/>\n<link rel=\"canonical\" href=\"https:\/\/bionok.com\/fragrances-aromes\/\" \/>\n<meta property=\"og:locale\" content=\"fr_FR\" \/>\n<meta property=\"og:type\" content=\"article\" \/>\n<meta property=\"og:title\" content=\"Fragrances &amp; Aromes - Bionok\" \/>\n<meta property=\"og:description\" content=\"[vc_row css=&#8221;.vc_custom_1606733631624{margin-top: 55px !important;}&#8221;][vc_column][vc_column_text] FRAGRANCES ET AROMES [\/vc_column_text][\/vc_column][\/vc_row][vc_row][vc_column][vc_single_image image=&#8221;716&#8243; img_size=&#8221;full&#8221; el_id=&#8221;imagedesign&#8221;][vc_column_text]Les parfums et les ar\u00f4mes sont pr\u00e9sents dans une grande partie des produits cosm\u00e9tiques, d\u00e9tergents et [\u2026]\" \/>\n<meta property=\"og:url\" content=\"https:\/\/bionok.com\/fragrances-aromes\/\" \/>\n<meta property=\"og:site_name\" content=\"Bionok\" \/>\n<meta property=\"article:modified_time\" content=\"2021-02-19T10:14:08+00:00\" \/>\n<meta name=\"twitter:card\" content=\"summary_large_image\" \/>\n<meta name=\"twitter:label1\" content=\"Dur\u00e9e de lecture estim\u00e9e\" \/>\n\t<meta name=\"twitter:data1\" content=\"2 minutes\" \/>\n<script type=\"application\/ld+json\" class=\"yoast-schema-graph\">{\"@context\":\"https:\\\/\\\/schema.org\",\"@graph\":[{\"@type\":\"WebPage\",\"@id\":\"https:\\\/\\\/bionok.com\\\/fragrances-aromes\\\/\",\"url\":\"https:\\\/\\\/bionok.com\\\/fragrances-aromes\\\/\",\"name\":\"Fragrances & Aromes - Bionok\",\"isPartOf\":{\"@id\":\"https:\\\/\\\/bionok.com\\\/#website\"},\"datePublished\":\"2020-12-03T08:18:26+00:00\",\"dateModified\":\"2021-02-19T10:14:08+00:00\",\"breadcrumb\":{\"@id\":\"https:\\\/\\\/bionok.com\\\/fragrances-aromes\\\/#breadcrumb\"},\"inLanguage\":\"fr-FR\",\"potentialAction\":[{\"@type\":\"ReadAction\",\"target\":[\"https:\\\/\\\/bionok.com\\\/fragrances-aromes\\\/\"]}]},{\"@type\":\"BreadcrumbList\",\"@id\":\"https:\\\/\\\/bionok.com\\\/fragrances-aromes\\\/#breadcrumb\",\"itemListElement\":[{\"@type\":\"ListItem\",\"position\":1,\"name\":\"Portada\",\"item\":\"https:\\\/\\\/bionok.com\\\/fr\\\/\"},{\"@type\":\"ListItem\",\"position\":2,\"name\":\"Fragrances &#038; Aromes\"}]},{\"@type\":\"WebSite\",\"@id\":\"https:\\\/\\\/bionok.com\\\/#website\",\"url\":\"https:\\\/\\\/bionok.com\\\/\",\"name\":\"Bionok\",\"description\":\"\",\"potentialAction\":[{\"@type\":\"SearchAction\",\"target\":{\"@type\":\"EntryPoint\",\"urlTemplate\":\"https:\\\/\\\/bionok.com\\\/?s={search_term_string}\"},\"query-input\":{\"@type\":\"PropertyValueSpecification\",\"valueRequired\":true,\"valueName\":\"search_term_string\"}}],\"inLanguage\":\"fr-FR\"}]}<\/script>\n<!-- \/ Yoast SEO plugin. -->","yoast_head_json":{"title":"Fragrances & Aromes - Bionok","robots":{"index":"index","follow":"follow","max-snippet":"max-snippet:-1","max-image-preview":"max-image-preview:large","max-video-preview":"max-video-preview:-1"},"canonical":"https:\/\/bionok.com\/fragrances-aromes\/","og_locale":"fr_FR","og_type":"article","og_title":"Fragrances & Aromes - Bionok","og_description":"[vc_row css=&#8221;.vc_custom_1606733631624{margin-top: 55px !important;}&#8221;][vc_column][vc_column_text] FRAGRANCES ET AROMES [\/vc_column_text][\/vc_column][\/vc_row][vc_row][vc_column][vc_single_image image=&#8221;716&#8243; img_size=&#8221;full&#8221; el_id=&#8221;imagedesign&#8221;][vc_column_text]Les parfums et les ar\u00f4mes sont pr\u00e9sents dans une grande partie des produits cosm\u00e9tiques, d\u00e9tergents et [\u2026]","og_url":"https:\/\/bionok.com\/fragrances-aromes\/","og_site_name":"Bionok","article_modified_time":"2021-02-19T10:14:08+00:00","twitter_card":"summary_large_image","twitter_misc":{"Dur\u00e9e de lecture estim\u00e9e":"2 minutes"},"schema":{"@context":"https:\/\/schema.org","@graph":[{"@type":"WebPage","@id":"https:\/\/bionok.com\/fragrances-aromes\/","url":"https:\/\/bionok.com\/fragrances-aromes\/","name":"Fragrances & Aromes - Bionok","isPartOf":{"@id":"https:\/\/bionok.com\/#website"},"datePublished":"2020-12-03T08:18:26+00:00","dateModified":"2021-02-19T10:14:08+00:00","breadcrumb":{"@id":"https:\/\/bionok.com\/fragrances-aromes\/#breadcrumb"},"inLanguage":"fr-FR","potentialAction":[{"@type":"ReadAction","target":["https:\/\/bionok.com\/fragrances-aromes\/"]}]},{"@type":"BreadcrumbList","@id":"https:\/\/bionok.com\/fragrances-aromes\/#breadcrumb","itemListElement":[{"@type":"ListItem","position":1,"name":"Portada","item":"https:\/\/bionok.com\/fr\/"},{"@type":"ListItem","position":2,"name":"Fragrances &#038; Aromes"}]},{"@type":"WebSite","@id":"https:\/\/bionok.com\/#website","url":"https:\/\/bionok.com\/","name":"Bionok","description":"","potentialAction":[{"@type":"SearchAction","target":{"@type":"EntryPoint","urlTemplate":"https:\/\/bionok.com\/?s={search_term_string}"},"query-input":{"@type":"PropertyValueSpecification","valueRequired":true,"valueName":"search_term_string"}}],"inLanguage":"fr-FR"}]}},"jetpack_sharing_enabled":true,"_links":{"self":[{"href":"https:\/\/bionok.com\/fr\/wp-json\/wp\/v2\/pages\/655","targetHints":{"allow":["GET"]}}],"collection":[{"href":"https:\/\/bionok.com\/fr\/wp-json\/wp\/v2\/pages"}],"about":[{"href":"https:\/\/bionok.com\/fr\/wp-json\/wp\/v2\/types\/page"}],"author":[{"embeddable":true,"href":"https:\/\/bionok.com\/fr\/wp-json\/wp\/v2\/users\/2"}],"replies":[{"embeddable":true,"href":"https:\/\/bionok.com\/fr\/wp-json\/wp\/v2\/comments?post=655"}],"version-history":[{"count":6,"href":"https:\/\/bionok.com\/fr\/wp-json\/wp\/v2\/pages\/655\/revisions"}],"predecessor-version":[{"id":2275,"href":"https:\/\/bionok.com\/fr\/wp-json\/wp\/v2\/pages\/655\/revisions\/2275"}],"wp:attachment":[{"href":"https:\/\/bionok.com\/fr\/wp-json\/wp\/v2\/media?parent=655"}],"curies":[{"name":"wp","href":"https:\/\/api.w.org\/{rel}","templated":true}]}}