	{"id":801,"date":"2020-12-04T16:38:03","date_gmt":"2020-12-04T15:38:03","guid":{"rendered":"http:\/\/bionok.proyectosrank.com\/?page_id=801"},"modified":"2021-02-18T10:59:30","modified_gmt":"2021-02-18T09:59:30","slug":"nanomateriaux","status":"publish","type":"page","link":"https:\/\/bionok.com\/fr\/nanomateriaux\/","title":{"rendered":"Nanomat\u00e9riaux"},"content":{"rendered":"<div class=\"wpb-content-wrapper\"><p>[vc_row css=&#8221;.vc_custom_1606733631624{margin-top: 55px !important;}&#8221;][vc_column][vc_column_text]<\/p>\n<h1 style=\"text-align: center;\">NANOMAT\u00c9RIAUX<\/h1>\n<p>[\/vc_column_text][\/vc_column][\/vc_row][vc_row][vc_column][vc_single_image image=&#8221;898&#8243; img_size=&#8221;full&#8221; el_id=&#8221;imagedesign&#8221;][vc_column_text]La nanotechnologie s&#8217;est \u00e9norm\u00e9ment d\u00e9velopp\u00e9e au cours des derni\u00e8res ann\u00e9es, \u00e9mergeant de nouvelles recherches et \u00e9tudes qui donnent de plus en plus d&#8217;applications \u00e0 ce type de mat\u00e9riaux. Le rythme effr\u00e9n\u00e9 des avanc\u00e9es technologiques oblige les entreprises \u00e0 \u00e9largir en permanence leurs connaissances pour \u00eatre en mesure de se conformer aux r\u00e9glementations en vigueur et ainsi \u00eatre \u00e0 la pointe de l&#8217;innovation.<\/p>\n<p>Les nanomat\u00e9riaux, en tant que substances, suivent les r\u00e9glementations REACH et CLP comme de base, mais pour leur utilisation dans diff\u00e9rents types de produits, ils doivent \u00eatre conformes \u00e0 des r\u00e9glementations sp\u00e9cifiques. Les restrictions sur ces substances changent constamment en raison des preuves scientifiques qui \u00e9mergent sur leur s\u00e9curit\u00e9. Tout d&#8217;abord, son utilisation s\u00fbre doit toujours \u00eatre garantie, en devant fournir des informations sur les effets sur la sant\u00e9 humaine et l&#8217;environnement.<\/p>\n<p>Pour certaines entreprises, il peut \u00eatre difficile de faire cette analyse des risques, il est donc fortement recommand\u00e9 de faire appel \u00e0 des experts comme nous pour une \u00e9tude correcte. Nous analyserons la substance pour vous conseiller sur son utilisation en toute s\u00e9curit\u00e9.<\/p>\n<p>Il faut \u00e9galement tenir compte du fait que pour \u00eatre utilis\u00e9 dans certains produits, il peut \u00eatre n\u00e9cessaire de le notifier \u00e0 l&#8217;avance que d&#8217;habitude ou qu&#8217;il peut avoir des exigences particuli\u00e8res. Nous nous chargeons de toute la paperasse afin que votre produit soit sur le march\u00e9 le plus rapidement possible et conforme \u00e0 toutes les exigences.<\/p>\n<p>Chez Bionok Healthcare, nous avons une vaste exp\u00e9rience et nous apprenons constamment dans le domaine de la r\u00e9glementation et de la s\u00e9curit\u00e9 des substances[\/vc_column_text][\/vc_column][\/vc_row][vc_row css=&#8221;.vc_custom_1606726985955{margin-top: 0px !important;margin-bottom: 25px !important;border-top-width: 6px !important;border-top-color: #807002 !important;}&#8221; el_id=&#8221;contactview&#8221;][vc_column width=&#8221;1\/2&#8243; css=&#8221;.vc_custom_1601110535248{border-left-width: 3px !important;border-left-color: #00184e !important;}&#8221;][vc_column_text css=&#8221;.vc_custom_1613642362564{border-left-width: 3px !important;border-left-color: #00184e !important;}&#8221;]<\/p>\n<h4>Avez-vous des questions?<\/h4>\n<p><strong>+34911371170<\/strong>[\/vc_column_text][\/vc_column][vc_column width=&#8221;1\/2&#8243;][vc_btn title=&#8221;N&#8217;H\u00c9SITEZ PAS \u00c0 NOUS CONTACTER&#8221; style=&#8221;flat&#8221; shape=&#8221;square&#8221; color=&#8221;sandy-brown&#8221; size=&#8221;lg&#8221; align=&#8221;right&#8221; el_id=&#8221;buttons&#8221;][\/vc_column][\/vc_row][vc_row css=&#8221;.vc_custom_1606729171993{margin-top: 45px !important;margin-bottom: 75px !important;}&#8221;][vc_column]<ul class=\"clients clearfix \"><li style=\"width:16.667%\"><div class=\"client_wrapper\"><div class=\"gs-wrapper\"><img decoding=\"async\" width=\"135\" height=\"75\" src=\"https:\/\/i0.wp.com\/bionok.com\/wp-content\/uploads\/2020\/09\/china-machine-vision-industry-union-vector-logo.png?fit=135%2C75&amp;ssl=1\" class=\"scale-with-grid wp-post-image\" alt=\"\" srcset=\"https:\/\/i0.wp.com\/bionok.com\/wp-content\/uploads\/2020\/09\/china-machine-vision-industry-union-vector-logo.png?w=900&amp;ssl=1 900w, https:\/\/i0.wp.com\/bionok.com\/wp-content\/uploads\/2020\/09\/china-machine-vision-industry-union-vector-logo.png?resize=300%2C167&amp;ssl=1 300w, https:\/\/i0.wp.com\/bionok.com\/wp-content\/uploads\/2020\/09\/china-machine-vision-industry-union-vector-logo.png?resize=768%2C427&amp;ssl=1 768w, https:\/\/i0.wp.com\/bionok.com\/wp-content\/uploads\/2020\/09\/china-machine-vision-industry-union-vector-logo.png?resize=260%2C144&amp;ssl=1 260w, https:\/\/i0.wp.com\/bionok.com\/wp-content\/uploads\/2020\/09\/china-machine-vision-industry-union-vector-logo.png?resize=50%2C28&amp;ssl=1 50w, https:\/\/i0.wp.com\/bionok.com\/wp-content\/uploads\/2020\/09\/china-machine-vision-industry-union-vector-logo.png?resize=135%2C75&amp;ssl=1 135w\" sizes=\"(max-width: 135px) 100vw, 135px\" \/><\/div><\/div><\/li><li style=\"width:16.667%\"><div class=\"client_wrapper\"><div class=\"gs-wrapper\"><img decoding=\"async\" width=\"150\" height=\"58\" src=\"https:\/\/i0.wp.com\/bionok.com\/wp-content\/uploads\/2020\/09\/logo-Industry-USA.png?fit=150%2C58&amp;ssl=1\" class=\"scale-with-grid wp-post-image\" alt=\"\" srcset=\"https:\/\/i0.wp.com\/bionok.com\/wp-content\/uploads\/2020\/09\/logo-Industry-USA.png?w=388&amp;ssl=1 388w, https:\/\/i0.wp.com\/bionok.com\/wp-content\/uploads\/2020\/09\/logo-Industry-USA.png?resize=300%2C116&amp;ssl=1 300w, https:\/\/i0.wp.com\/bionok.com\/wp-content\/uploads\/2020\/09\/logo-Industry-USA.png?resize=260%2C101&amp;ssl=1 260w, https:\/\/i0.wp.com\/bionok.com\/wp-content\/uploads\/2020\/09\/logo-Industry-USA.png?resize=50%2C19&amp;ssl=1 50w, https:\/\/i0.wp.com\/bionok.com\/wp-content\/uploads\/2020\/09\/logo-Industry-USA.png?resize=150%2C58&amp;ssl=1 150w\" sizes=\"(max-width: 150px) 100vw, 150px\" \/><\/div><\/div><\/li><li style=\"width:16.667%\"><div class=\"client_wrapper\"><div class=\"gs-wrapper\"><img decoding=\"async\" width=\"105\" height=\"75\" src=\"https:\/\/i0.wp.com\/bionok.com\/wp-content\/uploads\/2020\/09\/logo.jpg?fit=105%2C75&amp;ssl=1\" class=\"scale-with-grid wp-post-image\" alt=\"\" srcset=\"https:\/\/i0.wp.com\/bionok.com\/wp-content\/uploads\/2020\/09\/logo.jpg?w=172&amp;ssl=1 172w, https:\/\/i0.wp.com\/bionok.com\/wp-content\/uploads\/2020\/09\/logo.jpg?resize=50%2C36&amp;ssl=1 50w, https:\/\/i0.wp.com\/bionok.com\/wp-content\/uploads\/2020\/09\/logo.jpg?resize=105%2C75&amp;ssl=1 105w\" sizes=\"(max-width: 105px) 100vw, 105px\" \/><\/div><\/div><\/li><li style=\"width:16.667%\"><div class=\"client_wrapper\"><div class=\"gs-wrapper\"><img loading=\"lazy\" decoding=\"async\" width=\"142\" height=\"75\" src=\"https:\/\/i0.wp.com\/bionok.com\/wp-content\/uploads\/2020\/09\/descarga.png?fit=142%2C75&amp;ssl=1\" class=\"scale-with-grid wp-post-image\" alt=\"\" srcset=\"https:\/\/i0.wp.com\/bionok.com\/wp-content\/uploads\/2020\/09\/descarga.png?w=309&amp;ssl=1 309w, https:\/\/i0.wp.com\/bionok.com\/wp-content\/uploads\/2020\/09\/descarga.png?resize=300%2C158&amp;ssl=1 300w, https:\/\/i0.wp.com\/bionok.com\/wp-content\/uploads\/2020\/09\/descarga.png?resize=260%2C137&amp;ssl=1 260w, https:\/\/i0.wp.com\/bionok.com\/wp-content\/uploads\/2020\/09\/descarga.png?resize=50%2C26&amp;ssl=1 50w, https:\/\/i0.wp.com\/bionok.com\/wp-content\/uploads\/2020\/09\/descarga.png?resize=142%2C75&amp;ssl=1 142w\" sizes=\"(max-width: 142px) 100vw, 142px\" \/><\/div><\/div><\/li><li style=\"width:16.667%\"><div class=\"client_wrapper\"><div class=\"gs-wrapper\"><img loading=\"lazy\" decoding=\"async\" width=\"75\" height=\"75\" src=\"https:\/\/i0.wp.com\/bionok.com\/wp-content\/uploads\/2020\/09\/0.png?fit=75%2C75&amp;ssl=1\" class=\"scale-with-grid wp-post-image\" alt=\"\" srcset=\"https:\/\/i0.wp.com\/bionok.com\/wp-content\/uploads\/2020\/09\/0.png?w=200&amp;ssl=1 200w, https:\/\/i0.wp.com\/bionok.com\/wp-content\/uploads\/2020\/09\/0.png?resize=150%2C150&amp;ssl=1 150w, https:\/\/i0.wp.com\/bionok.com\/wp-content\/uploads\/2020\/09\/0.png?resize=146%2C146&amp;ssl=1 146w, https:\/\/i0.wp.com\/bionok.com\/wp-content\/uploads\/2020\/09\/0.png?resize=50%2C50&amp;ssl=1 50w, https:\/\/i0.wp.com\/bionok.com\/wp-content\/uploads\/2020\/09\/0.png?resize=75%2C75&amp;ssl=1 75w, https:\/\/i0.wp.com\/bionok.com\/wp-content\/uploads\/2020\/09\/0.png?resize=85%2C85&amp;ssl=1 85w, https:\/\/i0.wp.com\/bionok.com\/wp-content\/uploads\/2020\/09\/0.png?resize=80%2C80&amp;ssl=1 80w\" sizes=\"(max-width: 75px) 100vw, 75px\" \/><\/div><\/div><\/li><li style=\"width:16.667%\"><div class=\"client_wrapper\"><div class=\"gs-wrapper\"><img loading=\"lazy\" decoding=\"async\" width=\"143\" height=\"75\" src=\"https:\/\/i0.wp.com\/bionok.com\/wp-content\/uploads\/2020\/09\/GRS.jpg?fit=143%2C75&amp;ssl=1\" class=\"scale-with-grid wp-post-image\" alt=\"\" srcset=\"https:\/\/i0.wp.com\/bionok.com\/wp-content\/uploads\/2020\/09\/GRS.jpg?w=600&amp;ssl=1 600w, https:\/\/i0.wp.com\/bionok.com\/wp-content\/uploads\/2020\/09\/GRS.jpg?resize=300%2C158&amp;ssl=1 300w, https:\/\/i0.wp.com\/bionok.com\/wp-content\/uploads\/2020\/09\/GRS.jpg?resize=260%2C137&amp;ssl=1 260w, https:\/\/i0.wp.com\/bionok.com\/wp-content\/uploads\/2020\/09\/GRS.jpg?resize=50%2C26&amp;ssl=1 50w, https:\/\/i0.wp.com\/bionok.com\/wp-content\/uploads\/2020\/09\/GRS.jpg?resize=143%2C75&amp;ssl=1 143w\" sizes=\"(max-width: 143px) 100vw, 143px\" \/><\/div><\/div><\/li><\/ul>\n[\/vc_column][\/vc_row]<\/p>\n<\/div>","protected":false},"excerpt":{"rendered":"<p>[vc_row css=&#8221;.vc_custom_1606733631624{margin-top: 55px !important;}&#8221;][vc_column][vc_column_text] NANOMAT\u00c9RIAUX [\/vc_column_text][\/vc_column][\/vc_row][vc_row][vc_column][vc_single_image image=&#8221;898&#8243; img_size=&#8221;full&#8221; el_id=&#8221;imagedesign&#8221;][vc_column_text]La nanotechnologie s&#8217;est \u00e9norm\u00e9ment d\u00e9velopp\u00e9e au cours des derni\u00e8res ann\u00e9es, \u00e9mergeant de nouvelles recherches et \u00e9tudes qui donnent<span class=\"excerpt-hellip\"> [\u2026]<\/span><\/p>\n","protected":false},"author":2,"featured_media":0,"parent":0,"menu_order":0,"comment_status":"closed","ping_status":"closed","template":"","meta":{"_acf_changed":false,"nf_dc_page":"","footnotes":""},"class_list":["post-801","page","type-page","status-publish","hentry","types-chemicals-fr"],"acf":[],"yoast_head":"<!-- This site is optimized with the Yoast SEO plugin v27.4 - https:\/\/yoast.com\/product\/yoast-seo-wordpress\/ -->\n<title>Nanomat\u00e9riaux - Bionok<\/title>\n<meta name=\"robots\" content=\"index, follow, max-snippet:-1, max-image-preview:large, max-video-preview:-1\" \/>\n<link rel=\"canonical\" href=\"https:\/\/bionok.com\/nanomaterials\/\" \/>\n<meta property=\"og:locale\" content=\"fr_FR\" \/>\n<meta property=\"og:type\" content=\"article\" \/>\n<meta property=\"og:title\" content=\"Nanomat\u00e9riaux - Bionok\" \/>\n<meta property=\"og:description\" content=\"[vc_row css=&#8221;.vc_custom_1606733631624{margin-top: 55px !important;}&#8221;][vc_column][vc_column_text] NANOMAT\u00c9RIAUX [\/vc_column_text][\/vc_column][\/vc_row][vc_row][vc_column][vc_single_image image=&#8221;898&#8243; img_size=&#8221;full&#8221; el_id=&#8221;imagedesign&#8221;][vc_column_text]La nanotechnologie s&#8217;est \u00e9norm\u00e9ment d\u00e9velopp\u00e9e au cours des derni\u00e8res ann\u00e9es, \u00e9mergeant de nouvelles recherches et \u00e9tudes qui donnent [\u2026]\" \/>\n<meta property=\"og:url\" content=\"https:\/\/bionok.com\/nanomaterials\/\" \/>\n<meta property=\"og:site_name\" content=\"Bionok\" \/>\n<meta property=\"article:modified_time\" content=\"2021-02-18T09:59:30+00:00\" \/>\n<meta name=\"twitter:card\" content=\"summary_large_image\" \/>\n<meta name=\"twitter:label1\" content=\"Dur\u00e9e de lecture estim\u00e9e\" \/>\n\t<meta name=\"twitter:data1\" content=\"2 minutes\" \/>\n<script type=\"application\/ld+json\" class=\"yoast-schema-graph\">{\"@context\":\"https:\\\/\\\/schema.org\",\"@graph\":[{\"@type\":\"WebPage\",\"@id\":\"https:\\\/\\\/bionok.com\\\/nanomaterials\\\/\",\"url\":\"https:\\\/\\\/bionok.com\\\/nanomaterials\\\/\",\"name\":\"Nanomat\u00e9riaux - Bionok\",\"isPartOf\":{\"@id\":\"https:\\\/\\\/bionok.com\\\/#website\"},\"datePublished\":\"2020-12-04T15:38:03+00:00\",\"dateModified\":\"2021-02-18T09:59:30+00:00\",\"breadcrumb\":{\"@id\":\"https:\\\/\\\/bionok.com\\\/nanomaterials\\\/#breadcrumb\"},\"inLanguage\":\"fr-FR\",\"potentialAction\":[{\"@type\":\"ReadAction\",\"target\":[\"https:\\\/\\\/bionok.com\\\/nanomaterials\\\/\"]}]},{\"@type\":\"BreadcrumbList\",\"@id\":\"https:\\\/\\\/bionok.com\\\/nanomaterials\\\/#breadcrumb\",\"itemListElement\":[{\"@type\":\"ListItem\",\"position\":1,\"name\":\"Portada\",\"item\":\"https:\\\/\\\/bionok.com\\\/fr\\\/\"},{\"@type\":\"ListItem\",\"position\":2,\"name\":\"Nanomat\u00e9riaux\"}]},{\"@type\":\"WebSite\",\"@id\":\"https:\\\/\\\/bionok.com\\\/#website\",\"url\":\"https:\\\/\\\/bionok.com\\\/\",\"name\":\"Bionok\",\"description\":\"\",\"potentialAction\":[{\"@type\":\"SearchAction\",\"target\":{\"@type\":\"EntryPoint\",\"urlTemplate\":\"https:\\\/\\\/bionok.com\\\/?s={search_term_string}\"},\"query-input\":{\"@type\":\"PropertyValueSpecification\",\"valueRequired\":true,\"valueName\":\"search_term_string\"}}],\"inLanguage\":\"fr-FR\"}]}<\/script>\n<!-- \/ Yoast SEO plugin. -->","yoast_head_json":{"title":"Nanomat\u00e9riaux - Bionok","robots":{"index":"index","follow":"follow","max-snippet":"max-snippet:-1","max-image-preview":"max-image-preview:large","max-video-preview":"max-video-preview:-1"},"canonical":"https:\/\/bionok.com\/nanomaterials\/","og_locale":"fr_FR","og_type":"article","og_title":"Nanomat\u00e9riaux - Bionok","og_description":"[vc_row css=&#8221;.vc_custom_1606733631624{margin-top: 55px !important;}&#8221;][vc_column][vc_column_text] NANOMAT\u00c9RIAUX [\/vc_column_text][\/vc_column][\/vc_row][vc_row][vc_column][vc_single_image image=&#8221;898&#8243; img_size=&#8221;full&#8221; el_id=&#8221;imagedesign&#8221;][vc_column_text]La nanotechnologie s&#8217;est \u00e9norm\u00e9ment d\u00e9velopp\u00e9e au cours des derni\u00e8res ann\u00e9es, \u00e9mergeant de nouvelles recherches et \u00e9tudes qui donnent [\u2026]","og_url":"https:\/\/bionok.com\/nanomaterials\/","og_site_name":"Bionok","article_modified_time":"2021-02-18T09:59:30+00:00","twitter_card":"summary_large_image","twitter_misc":{"Dur\u00e9e de lecture estim\u00e9e":"2 minutes"},"schema":{"@context":"https:\/\/schema.org","@graph":[{"@type":"WebPage","@id":"https:\/\/bionok.com\/nanomaterials\/","url":"https:\/\/bionok.com\/nanomaterials\/","name":"Nanomat\u00e9riaux - Bionok","isPartOf":{"@id":"https:\/\/bionok.com\/#website"},"datePublished":"2020-12-04T15:38:03+00:00","dateModified":"2021-02-18T09:59:30+00:00","breadcrumb":{"@id":"https:\/\/bionok.com\/nanomaterials\/#breadcrumb"},"inLanguage":"fr-FR","potentialAction":[{"@type":"ReadAction","target":["https:\/\/bionok.com\/nanomaterials\/"]}]},{"@type":"BreadcrumbList","@id":"https:\/\/bionok.com\/nanomaterials\/#breadcrumb","itemListElement":[{"@type":"ListItem","position":1,"name":"Portada","item":"https:\/\/bionok.com\/fr\/"},{"@type":"ListItem","position":2,"name":"Nanomat\u00e9riaux"}]},{"@type":"WebSite","@id":"https:\/\/bionok.com\/#website","url":"https:\/\/bionok.com\/","name":"Bionok","description":"","potentialAction":[{"@type":"SearchAction","target":{"@type":"EntryPoint","urlTemplate":"https:\/\/bionok.com\/?s={search_term_string}"},"query-input":{"@type":"PropertyValueSpecification","valueRequired":true,"valueName":"search_term_string"}}],"inLanguage":"fr-FR"}]}},"jetpack_sharing_enabled":true,"_links":{"self":[{"href":"https:\/\/bionok.com\/fr\/wp-json\/wp\/v2\/pages\/801","targetHints":{"allow":["GET"]}}],"collection":[{"href":"https:\/\/bionok.com\/fr\/wp-json\/wp\/v2\/pages"}],"about":[{"href":"https:\/\/bionok.com\/fr\/wp-json\/wp\/v2\/types\/page"}],"author":[{"embeddable":true,"href":"https:\/\/bionok.com\/fr\/wp-json\/wp\/v2\/users\/2"}],"replies":[{"embeddable":true,"href":"https:\/\/bionok.com\/fr\/wp-json\/wp\/v2\/comments?post=801"}],"version-history":[{"count":5,"href":"https:\/\/bionok.com\/fr\/wp-json\/wp\/v2\/pages\/801\/revisions"}],"predecessor-version":[{"id":2267,"href":"https:\/\/bionok.com\/fr\/wp-json\/wp\/v2\/pages\/801\/revisions\/2267"}],"wp:attachment":[{"href":"https:\/\/bionok.com\/fr\/wp-json\/wp\/v2\/media?parent=801"}],"curies":[{"name":"wp","href":"https:\/\/api.w.org\/{rel}","templated":true}]}}