	{"id":2725,"date":"2021-01-26T11:07:53","date_gmt":"2021-01-26T10:07:53","guid":{"rendered":"https:\/\/bionok.com\/drugs\/"},"modified":"2021-03-04T17:29:13","modified_gmt":"2021-03-04T16:29:13","slug":"drugs","status":"publish","type":"page","link":"https:\/\/bionok.com\/ko\/drugs\/","title":{"rendered":"Drugs"},"content":{"rendered":"<div class=\"wpb-content-wrapper\"><p>[vc_row css=&#8221;.vc_custom_1606733631624{margin-top: 55px !important;}&#8221;][vc_column][vc_column_text]<\/p>\n<h1 style=\"text-align: center;\">DRUGS<\/h1>\n<p>[\/vc_column_text][\/vc_column][\/vc_row][vc_row][vc_column][vc_single_image image=&#8221;1146&#8243; img_size=&#8221;full&#8221; el_id=&#8221;imagedesign&#8221;][vc_column_text]From the development of the API using QSAR tools, physical-chemical characterization, design of clinical trials, registries, implementation of quality systems according to ICH, we can offer you these services:<\/p>\n<p><strong>Drug design and development<\/strong><\/p>\n<p>The first step to obtain an effective and safe drug is its correct design and development.<\/p>\n<p>At Bionok we advise pharmaceutical companies during the development of their new drugs and pharmaceutical formulations. Our team of experts has professionals from the sector with long experience in the design of new molecules and in the development of the most innovative pharmaceutical formulas.<\/p>\n<p>Notre \u00e9quipe d&#8217;experts compte des professionnels du secteur avec une longue exp\u00e9rience dans la conception de nouvelles mol\u00e9cules et dans le d\u00e9veloppement des formules pharmaceutiques les plus innovantes.<\/p>\n<p><strong>Drug safety<\/strong><\/p>\n<p>One of the most important pillars in the development of any drug is the evaluation of its safety. The clinical trials, together with the bibliographic analysis, are key to creating a Risk Management Plan that guarantees the highest possible safety for the product.<\/p>\n<p>Our team of experts collaborates in the design of clinical studies and advises companies so that they can carry them out in the shortest possible time and with the greatest guarantees of reliability.<\/p>\n<p><strong>Registry<\/strong><\/p>\n<p>As experts in regulatory matters, we will take care of the entire registration process. We will analyze your product to design the best strategy and thus allow companies to put their medicines on the market in the shortest possible time and in the most competitive markets in the world.<\/p>\n<p><strong>Pharmacovigilance<\/strong><\/p>\n<p>Once the product is on the market, it is more important than ever to continue to ensure the safety of patients. To do this, all the information that may exist about the effect that our product is having must be collected, investigated and evaluated. This will allow us to guarantee at all times that the risk \/ benefit balance remains adequate.<\/p>\n<p>Bionok will carry out this pharmacovigilance work for you, by establishing a solid system based on the acquisition, integration and analysis of adverse reaction data so that your company can guarantee the safety of the medicine that it has put on the market.[\/vc_column_text][\/vc_column][\/vc_row][vc_row css=&#8221;.vc_custom_1606726985955{margin-top: 0px !important;margin-bottom: 25px !important;border-top-width: 6px !important;border-top-color: #807002 !important;}&#8221; el_id=&#8221;contactview&#8221;][vc_column width=&#8221;1\/2&#8243; css=&#8221;.vc_custom_1601110535248{border-left-width: 3px !important;border-left-color: #00184e !important;}&#8221;][vc_column_text css=&#8221;.vc_custom_1613391613643{border-left-width: 3px !important;border-left-color: #00184e !important;}&#8221;]<\/p>\n<h4>Need help or a have question?<\/h4>\n<p><strong>+34911371170<\/strong>[\/vc_column_text][\/vc_column][vc_column width=&#8221;1\/2&#8243;][vc_btn title=&#8221;CONTACT US&#8221; style=&#8221;flat&#8221; shape=&#8221;square&#8221; color=&#8221;sandy-brown&#8221; size=&#8221;lg&#8221; align=&#8221;right&#8221; el_id=&#8221;buttons&#8221;][\/vc_column][\/vc_row][vc_row css=&#8221;.vc_custom_1606729171993{margin-top: 45px !important;margin-bottom: 75px !important;}&#8221;][vc_column]<ul class=\"clients clearfix \"><\/ul>\n[\/vc_column][\/vc_row]<\/p>\n<\/div>","protected":false},"excerpt":{"rendered":"<p>[vc_row css=&#8221;.vc_custom_1606733631624{margin-top: 55px !important;}&#8221;][vc_column][vc_column_text] DRUGS [\/vc_column_text][\/vc_column][\/vc_row][vc_row][vc_column][vc_single_image image=&#8221;1146&#8243; img_size=&#8221;full&#8221; el_id=&#8221;imagedesign&#8221;][vc_column_text]From the development of the API using QSAR tools, physical-chemical characterization, design of clinical trials, registries, implementation of<span class=\"excerpt-hellip\"> [\u2026]<\/span><\/p>\n","protected":false},"author":2,"featured_media":0,"parent":0,"menu_order":0,"comment_status":"closed","ping_status":"closed","template":"","meta":{"_acf_changed":false,"nf_dc_page":"","footnotes":""},"class_list":["post-2725","page","type-page","status-publish","hentry","types-health-care-2-ko"],"acf":[],"yoast_head":"<!-- This site is optimized with the Yoast SEO plugin v27.4 - https:\/\/yoast.com\/product\/yoast-seo-wordpress\/ -->\n<title>Drugs - Bionok<\/title>\n<meta name=\"robots\" content=\"index, follow, max-snippet:-1, max-image-preview:large, max-video-preview:-1\" \/>\n<link rel=\"canonical\" href=\"https:\/\/bionok.com\/drugs\/\" \/>\n<meta property=\"og:locale\" content=\"ko_KR\" \/>\n<meta property=\"og:type\" content=\"article\" \/>\n<meta property=\"og:title\" content=\"Drugs - Bionok\" \/>\n<meta property=\"og:description\" content=\"[vc_row css=&#8221;.vc_custom_1606733631624{margin-top: 55px !important;}&#8221;][vc_column][vc_column_text] DRUGS [\/vc_column_text][\/vc_column][\/vc_row][vc_row][vc_column][vc_single_image image=&#8221;1146&#8243; img_size=&#8221;full&#8221; el_id=&#8221;imagedesign&#8221;][vc_column_text]From the development of the API using QSAR tools, physical-chemical characterization, design of clinical trials, registries, implementation of [\u2026]\" \/>\n<meta property=\"og:url\" content=\"https:\/\/bionok.com\/drugs\/\" \/>\n<meta property=\"og:site_name\" content=\"Bionok\" \/>\n<meta property=\"article:modified_time\" content=\"2021-03-04T16:29:13+00:00\" \/>\n<meta name=\"twitter:card\" content=\"summary_large_image\" \/>\n<meta name=\"twitter:label1\" content=\"\uc608\uc0c1 \ub418\ub294 \ud310\ub3c5 \uc2dc\uac04\" \/>\n\t<meta name=\"twitter:data1\" content=\"3\ubd84\" \/>\n<script type=\"application\/ld+json\" class=\"yoast-schema-graph\">{\"@context\":\"https:\\\/\\\/schema.org\",\"@graph\":[{\"@type\":\"WebPage\",\"@id\":\"https:\\\/\\\/bionok.com\\\/drugs\\\/\",\"url\":\"https:\\\/\\\/bionok.com\\\/drugs\\\/\",\"name\":\"Drugs - Bionok\",\"isPartOf\":{\"@id\":\"https:\\\/\\\/bionok.com\\\/#website\"},\"datePublished\":\"2021-01-26T10:07:53+00:00\",\"dateModified\":\"2021-03-04T16:29:13+00:00\",\"breadcrumb\":{\"@id\":\"https:\\\/\\\/bionok.com\\\/drugs\\\/#breadcrumb\"},\"inLanguage\":\"ko-KR\",\"potentialAction\":[{\"@type\":\"ReadAction\",\"target\":[\"https:\\\/\\\/bionok.com\\\/drugs\\\/\"]}]},{\"@type\":\"BreadcrumbList\",\"@id\":\"https:\\\/\\\/bionok.com\\\/drugs\\\/#breadcrumb\",\"itemListElement\":[{\"@type\":\"ListItem\",\"position\":1,\"name\":\"Portada\",\"item\":\"https:\\\/\\\/bionok.com\\\/ko\\\/\"},{\"@type\":\"ListItem\",\"position\":2,\"name\":\"Drugs\"}]},{\"@type\":\"WebSite\",\"@id\":\"https:\\\/\\\/bionok.com\\\/#website\",\"url\":\"https:\\\/\\\/bionok.com\\\/\",\"name\":\"Bionok\",\"description\":\"\",\"potentialAction\":[{\"@type\":\"SearchAction\",\"target\":{\"@type\":\"EntryPoint\",\"urlTemplate\":\"https:\\\/\\\/bionok.com\\\/?s={search_term_string}\"},\"query-input\":{\"@type\":\"PropertyValueSpecification\",\"valueRequired\":true,\"valueName\":\"search_term_string\"}}],\"inLanguage\":\"ko-KR\"}]}<\/script>\n<!-- \/ Yoast SEO plugin. -->","yoast_head_json":{"title":"Drugs - Bionok","robots":{"index":"index","follow":"follow","max-snippet":"max-snippet:-1","max-image-preview":"max-image-preview:large","max-video-preview":"max-video-preview:-1"},"canonical":"https:\/\/bionok.com\/drugs\/","og_locale":"ko_KR","og_type":"article","og_title":"Drugs - Bionok","og_description":"[vc_row css=&#8221;.vc_custom_1606733631624{margin-top: 55px !important;}&#8221;][vc_column][vc_column_text] DRUGS [\/vc_column_text][\/vc_column][\/vc_row][vc_row][vc_column][vc_single_image image=&#8221;1146&#8243; img_size=&#8221;full&#8221; el_id=&#8221;imagedesign&#8221;][vc_column_text]From the development of the API using QSAR tools, physical-chemical characterization, design of clinical trials, registries, implementation of [\u2026]","og_url":"https:\/\/bionok.com\/drugs\/","og_site_name":"Bionok","article_modified_time":"2021-03-04T16:29:13+00:00","twitter_card":"summary_large_image","twitter_misc":{"\uc608\uc0c1 \ub418\ub294 \ud310\ub3c5 \uc2dc\uac04":"3\ubd84"},"schema":{"@context":"https:\/\/schema.org","@graph":[{"@type":"WebPage","@id":"https:\/\/bionok.com\/drugs\/","url":"https:\/\/bionok.com\/drugs\/","name":"Drugs - Bionok","isPartOf":{"@id":"https:\/\/bionok.com\/#website"},"datePublished":"2021-01-26T10:07:53+00:00","dateModified":"2021-03-04T16:29:13+00:00","breadcrumb":{"@id":"https:\/\/bionok.com\/drugs\/#breadcrumb"},"inLanguage":"ko-KR","potentialAction":[{"@type":"ReadAction","target":["https:\/\/bionok.com\/drugs\/"]}]},{"@type":"BreadcrumbList","@id":"https:\/\/bionok.com\/drugs\/#breadcrumb","itemListElement":[{"@type":"ListItem","position":1,"name":"Portada","item":"https:\/\/bionok.com\/ko\/"},{"@type":"ListItem","position":2,"name":"Drugs"}]},{"@type":"WebSite","@id":"https:\/\/bionok.com\/#website","url":"https:\/\/bionok.com\/","name":"Bionok","description":"","potentialAction":[{"@type":"SearchAction","target":{"@type":"EntryPoint","urlTemplate":"https:\/\/bionok.com\/?s={search_term_string}"},"query-input":{"@type":"PropertyValueSpecification","valueRequired":true,"valueName":"search_term_string"}}],"inLanguage":"ko-KR"}]}},"jetpack_sharing_enabled":true,"_links":{"self":[{"href":"https:\/\/bionok.com\/ko\/wp-json\/wp\/v2\/pages\/2725","targetHints":{"allow":["GET"]}}],"collection":[{"href":"https:\/\/bionok.com\/ko\/wp-json\/wp\/v2\/pages"}],"about":[{"href":"https:\/\/bionok.com\/ko\/wp-json\/wp\/v2\/types\/page"}],"author":[{"embeddable":true,"href":"https:\/\/bionok.com\/ko\/wp-json\/wp\/v2\/users\/2"}],"replies":[{"embeddable":true,"href":"https:\/\/bionok.com\/ko\/wp-json\/wp\/v2\/comments?post=2725"}],"version-history":[{"count":1,"href":"https:\/\/bionok.com\/ko\/wp-json\/wp\/v2\/pages\/2725\/revisions"}],"predecessor-version":[{"id":2896,"href":"https:\/\/bionok.com\/ko\/wp-json\/wp\/v2\/pages\/2725\/revisions\/2896"}],"wp:attachment":[{"href":"https:\/\/bionok.com\/ko\/wp-json\/wp\/v2\/media?parent=2725"}],"curies":[{"name":"wp","href":"https:\/\/api.w.org\/{rel}","templated":true}]}}